{"id":5412,"date":"2022-11-19T19:35:09","date_gmt":"2022-11-19T18:35:09","guid":{"rendered":"https:\/\/www.coralim.com\/legal-notice\/"},"modified":"2026-05-05T12:59:28","modified_gmt":"2026-05-05T10:59:28","slug":"aviso-legal","status":"publish","type":"page","link":"https:\/\/www.coralim.com\/es\/aviso-legal\/","title":{"rendered":"Aviso Legal"},"content":{"rendered":"<p>En cumplimiento del art. 10 de la Ley 34\/2002, de 11 de julio, de Servicios de la Sociedad de la Informaci\u00f3n y Comercio Electr\u00f3nico (LSSICE), a continuaci\u00f3n se exponen los datos identificativos de la empresa, en adelante tambi\u00e9n como titular.<\/p>\n<h3><strong>1. Datos identificativos y de contacto del titular del sitio web.<\/strong><\/h3>\n<p>http:\/\/www.coralim.com (en adelante el sitio web), es propiedad de Coralim INGREDIENTS S.L. (en adelante el Titular) con domicilio en C\/ Dels Velluters, 13A \u2013 PE T\u00e1ctica<br \/>\n46980 Paterna (Valencia) Espa\u00f1a. Con CIF B97482673, tel\u00e9fono +34 963 173 493 y correo electr\u00f3nico <a href=\"mailto:info@coralim.com\" target=\"_blank\" rel=\"noopener\">info@coralim.com<\/a>.<\/p>\n<p>El acceso y\/o uso de este portal atribuye la condici\u00f3n de Usuario, que acepta, desde dicho acceso, las presentes Condiciones Generales de Uso. El Usuario asume la responsabilidad del uso del portal. Dicha responsabilidad se extiende al registro que fuese necesario para acceder a determinados servicios o contenidos. En dicho registro el usuario ser\u00e1 responsable de aportar informaci\u00f3n veraz y l\u00edcita. Como consecuencia de este registro, al Usuario se le puede proporcionar una contrase\u00f1a de la que ser\u00e1 responsable, comprometi\u00e9ndose a hacer un uso diligente y confidencial de la misma.<\/p>\n<p>El titular se reserva el derecho a denegar o retirar el acceso a portal y\/o los servicios ofrecidos sin necesidad de preaviso, a instancia propia o de un tercero, a aquellos usuarios que incumplan el deber de hacer un uso adecuado del portal o de los servicios en \u00e9l ofrecidos.<\/p>\n<p>El titular no otorga ninguna garant\u00eda ni se hace responsable, en ning\u00fan caso, de los da\u00f1os y perjuicios de cualquier naturaleza que pudieran traer causa de: La falta disponibilidad, mantenimiento y efectivo funcionamiento del Portal y\/o de sus servicios o contenidos y las posibles incidencias t\u00e9cnicas o la transmisi\u00f3n de virus o programas maliciosos.<\/p>\n<p>Coralim INGREDIENTS S.L. es titular, a t\u00edtulo enunciativo pero no limitativo, de su programaci\u00f3n, edici\u00f3n, compilaci\u00f3n y dem\u00e1s elementos necesarios para su funcionamiento, los dise\u00f1os, logotipos, texto y\/o gr\u00e1ficos de la empresa y est\u00e1n protegidos por la normativa de propiedad intelectual e industrial. La reproducci\u00f3n total o parcial, uso, explotaci\u00f3n, distribuci\u00f3n y comercializaci\u00f3n, requiere en todo caso de la autorizaci\u00f3n escrita previa por parte de Coralim INGREDIENTS S.L.. Cualquier uso no autorizado previamente ser\u00e1 considerado un incumplimiento de los derechos de propiedad intelectual o industrial del autor. El titular se reserva el derecho de efectuar sin previo aviso las modificaciones que considere oportunas en su portal, pudiendo cambiar, suprimir o a\u00f1adir tanto los contenidos y servicios que se presten a trav\u00e9s de la misma como la forma en la que \u00e9stos aparezcan presentados o localizados en su portal.<\/p>\n<p>La relaci\u00f3n entre Coralim INGREDIENTS S.L. y el Usuario se regir\u00e1 por la normativa espa\u00f1ola vigente y cualquier controversia que pudiera derivarse del uso de la misma se someter\u00e1 a la jurisdicci\u00f3n de los Juzgados y tribunales de Valencia. Las cl\u00e1usulas v\u00e1lidas son las expresadas en idioma espa\u00f1ol en el portal, siendo sus traducciones meramente informativas.<\/p>\n<p>Inscrita en el Registro Mercantil de Valencia con los siguientes datos: tomo 7.863, Libro 5.158, Folio 155, Inscripci\u00f3n n\u00famero 98.167, Inscripci\u00f3n 8\u00aa.<\/p>\n<h3><strong>2. \u00c1mbito de aplicaci\u00f3n<\/strong><\/h3>\n<p>La navegaci\u00f3n por el sitio web del Titular implica la condici\u00f3n de usuario y la aceptaci\u00f3n absoluta de lo dispuesto en este Aviso Legal. El usuario asume la responsabilidad del uso del portal. Dicha responsabilidad se extiende al registro que fuese necesario para acceder a determinados servicios o contenidos. En dicho registro el usuario ser\u00e1 responsable de aportar informaci\u00f3n veraz y l\u00edcita.<\/p>\n<h3><strong>3. Edad<\/strong><\/h3>\n<p>En nuestro sitio web no tratamos datos de menores de catorce a\u00f1os. En cualquier caso, nuestros productos y servicios est\u00e1n dirigidos a personas mayores de dieciocho a\u00f1os.<\/p>\n<h3><strong>4. Propiedad intelectual<\/strong><\/h3>\n<p>Los contenidos del sitio web, incluidos, sin car\u00e1cter limitativo, textos, im\u00e1genes, gr\u00e1ficos y c\u00f3digo fuente, est\u00e1n protegidos por derechos de propiedad intelectual e industrial.<\/p>\n<p>Dichos contenidos no podr\u00e1n ser, por ejemplo, reproducidos o transformados sin la previa y expresa autorizaci\u00f3n del Titular. Los usuarios podr\u00e1n acceder a los contenidos y realizar copias privadas autorizadas siempre que los elementos reproducidos no sean cedidos posteriormente a terceros, ni se instalen en servidores de la red, ni sean objeto de ning\u00fan tipo de explotaci\u00f3n.<\/p>\n<h3><strong>5. Normas comunes de uso del sitio web<\/strong><\/h3>\n<p>El usuario se compromete a utilizar el sitio web de conformidad con las siguientes normas:<\/p>\n<p>No publicar\u00e1 comunicaciones comerciales a trav\u00e9s del sitio web.<\/p>\n<p>No recopilar\u00e1 contenidos o informaci\u00f3n de otros usuarios.<\/p>\n<p>No cargar\u00e1 virus ni c\u00f3digo malicioso de ning\u00fan tipo.<\/p>\n<p>No solicitar\u00e1 informaci\u00f3n de inicio de sesi\u00f3n ni acceder\u00e1 a una cuenta perteneciente a otro usuario.<\/p>\n<p>No realizar\u00e1 actos il\u00edcitos, enga\u00f1osos, malintencionados o discriminatorios en el sitio web, de conformidad con las presentes condiciones y el ordenamiento jur\u00eddico espa\u00f1ol.<\/p>\n<p>En general, no llevar\u00e1 a cabo actos que impliquen da\u00f1os o lesiones a los derechos de terceros.<\/p>\n<p>El Titular podr\u00e1 retirar cualquier contenido o suspender el servicio si, a su criterio, incumple cualquiera de las normas y obligaciones descritas en el presente Aviso Legal.<\/p>\n<p>El Titular no otorga ninguna garant\u00eda ni se hace responsable, en ning\u00fan caso, de los da\u00f1os y perjuicios de cualquier naturaleza que pudieran traer causa de: La falta disponibilidad, mantenimiento y efectivo funcionamiento del Portal y\/o de sus servicios o contenidos y las posibles incidencias t\u00e9cnicas o la transmisi\u00f3n de virus o programas maliciosos.<\/p>\n<p>Para cualquier duda o aclaraci\u00f3n respecto a estas normas, puede ponerse en contacto con nosotros a trav\u00e9s del correo electr\u00f3nico.<\/p>\n<h3><strong>6. Enlaces y limitaci\u00f3n de responsabilidad<\/strong><\/h3>\n<p>El establecimiento de un hiperenlace no implica en ning\u00fan caso la existencia de relaciones entre el Titular y el propietario del sitio web en la que se establezca, ni la aceptaci\u00f3n y aprobaci\u00f3n por parte del Titular de sus contenidos o servicios. Aquellas personas que se propongan establecer un hiperenlace previamente deber\u00e1n solicitar autorizaci\u00f3n por escrito al Titular. En todo caso, el hiperenlace \u00fanicamente permitir\u00e1 el acceso a la p\u00e1gina de inicio de nuestro sitio web. Asimismo, deber\u00e1 abstenerse de realizar manifestaciones o indicaciones falsas, inexactas o incorrectas sobre el Titular, o incluir contenidos il\u00edcitos, contrarios a las buenas costumbres y al orden p\u00fablico.<\/p>\n<p>El Titular no se responsabiliza del uso que cada usuario le d\u00e9 a los materiales puestos a disposici\u00f3n en este sitio web ni de las actuaciones que realice en base a los mismos. El contenido del Sitio Web es de car\u00e1cter general y meramente informativo.<\/p>\n<p>El Titular no se hace responsable del contenido o funcionamiento de los sitios web de terceros a los que el usuario del Sitio Web pueda acceder a trav\u00e9s de cualquier tipo de enlace.<\/p>\n<p>El Titular declina cualquier responsabilidad, en la medida en que as\u00ed lo permita la legislaci\u00f3n vigente, por los da\u00f1os y perjuicios derivados de la presencia de virus, actuaciones de terceros que vulneren derechos de propiedad, honor, intimidad o publicidad il\u00edcita.<\/p>\n<p>Si cualquier usuario o tercero considera que en el Sitio Web se est\u00e1 cometiendo alg\u00fan tipo de actividad il\u00edcita de cualquier clase, deber\u00e1 enviar una comunicaci\u00f3n al Titular a la direcci\u00f3n de correo electr\u00f3nico que figura en nuestros datos identificativos. Deber\u00e1 identificarse debidamente, especificando los hechos que denuncia.<\/p>\n<h3><strong>7. Privacidad<\/strong><\/h3>\n<p>Si en la Web se recogen datos de car\u00e1cter personal, el Titular ser\u00e1 responsable de los mismos y los tratar\u00e1 con absoluta confidencialidad y seguridad.<\/p>\n<p>Puede encontrar m\u00e1s informaci\u00f3n en nuestra pol\u00edtica de privacidad y cookies.<\/p>\n","protected":false},"excerpt":{"rendered":"<p>En cumplimiento del art. 10 de la Ley 34\/2002, de 11 de julio, de Servicios de la Sociedad de la Informaci\u00f3n y Comercio Electr\u00f3nico (LSSICE), a continuaci\u00f3n se exponen los datos identificativos de la empresa, en adelante tambi\u00e9n como titular. 1. Datos identificativos y de contacto del titular del sitio web. http:\/\/www.coralim.com (en adelante el&#8230;<\/p>\n","protected":false},"author":1,"featured_media":0,"parent":0,"menu_order":0,"comment_status":"closed","ping_status":"closed","template":"","meta":{"_monsterinsights_skip_tracking":false,"_monsterinsights_sitenote_active":false,"_monsterinsights_sitenote_note":"","_monsterinsights_sitenote_category":0,"_kad_post_transparent":"default","_kad_post_title":"default","_kad_post_layout":"default","_kad_post_sidebar_id":"","_kad_post_content_style":"default","_kad_post_vertical_padding":"default","_kad_post_feature":"","_kad_post_feature_position":"","_kad_post_header":false,"_kad_post_footer":false,"footnotes":""},"class_list":["post-5412","page","type-page","status-publish","hentry"],"yoast_head":"<!-- This site is optimized with the Yoast SEO plugin v27.5 - https:\/\/yoast.com\/product\/yoast-seo-wordpress\/ -->\n<title>Aviso Legal - Coralim<\/title>\n<meta name=\"description\" content=\"Aviso Legal- Empresa especializada en la fabricaci\u00f3n de colorantes, mixes y aromas, y formulaciones personalizadas para sectores alimentarios y no alimentarios\" \/>\n<meta name=\"robots\" content=\"noindex, nofollow\" \/>\n<meta property=\"og:locale\" content=\"es_ES\" \/>\n<meta property=\"og:type\" content=\"article\" \/>\n<meta property=\"og:title\" content=\"Aviso Legal - Coralim\" \/>\n<meta property=\"og:description\" content=\"Aviso Legal- Empresa especializada en la fabricaci\u00f3n de colorantes, mixes y aromas, y formulaciones personalizadas para sectores alimentarios y no alimentarios\" \/>\n<meta property=\"og:url\" content=\"https:\/\/www.coralim.com\/es\/aviso-legal\/\" \/>\n<meta property=\"og:site_name\" content=\"Coralim\" \/>\n<meta property=\"article:modified_time\" content=\"2026-05-05T10:59:28+00:00\" \/>\n<meta name=\"twitter:card\" content=\"summary_large_image\" \/>\n<meta name=\"twitter:label1\" content=\"Tiempo de lectura\" \/>\n\t<meta name=\"twitter:data1\" content=\"6 minutos\" \/>\n<script type=\"application\/ld+json\" class=\"yoast-schema-graph\">{\"@context\":\"https:\\\/\\\/schema.org\",\"@graph\":[{\"@type\":\"WebPage\",\"@id\":\"https:\\\/\\\/www.coralim.com\\\/es\\\/aviso-legal\\\/\",\"url\":\"https:\\\/\\\/www.coralim.com\\\/es\\\/aviso-legal\\\/\",\"name\":\"Aviso Legal - Coralim\",\"isPartOf\":{\"@id\":\"https:\\\/\\\/www.coralim.com\\\/es\\\/#website\"},\"datePublished\":\"2022-11-19T18:35:09+00:00\",\"dateModified\":\"2026-05-05T10:59:28+00:00\",\"description\":\"Aviso Legal- Empresa especializada en la fabricaci\u00f3n de colorantes, mixes y aromas, y formulaciones personalizadas para sectores alimentarios y no alimentarios\",\"breadcrumb\":{\"@id\":\"https:\\\/\\\/www.coralim.com\\\/es\\\/aviso-legal\\\/#breadcrumb\"},\"inLanguage\":\"es\",\"potentialAction\":[{\"@type\":\"ReadAction\",\"target\":[\"https:\\\/\\\/www.coralim.com\\\/es\\\/aviso-legal\\\/\"]}]},{\"@type\":\"BreadcrumbList\",\"@id\":\"https:\\\/\\\/www.coralim.com\\\/es\\\/aviso-legal\\\/#breadcrumb\",\"itemListElement\":[{\"@type\":\"ListItem\",\"position\":1,\"name\":\"Portada\",\"item\":\"https:\\\/\\\/www.coralim.com\\\/es\\\/\"},{\"@type\":\"ListItem\",\"position\":2,\"name\":\"Aviso Legal\"}]},{\"@type\":\"WebSite\",\"@id\":\"https:\\\/\\\/www.coralim.com\\\/es\\\/#website\",\"url\":\"https:\\\/\\\/www.coralim.com\\\/es\\\/\",\"name\":\"Coralim\",\"description\":\"\",\"publisher\":{\"@id\":\"https:\\\/\\\/www.coralim.com\\\/es\\\/#organization\"},\"potentialAction\":[{\"@type\":\"SearchAction\",\"target\":{\"@type\":\"EntryPoint\",\"urlTemplate\":\"https:\\\/\\\/www.coralim.com\\\/es\\\/?s={search_term_string}\"},\"query-input\":{\"@type\":\"PropertyValueSpecification\",\"valueRequired\":true,\"valueName\":\"search_term_string\"}}],\"inLanguage\":\"es\"},{\"@type\":\"Organization\",\"@id\":\"https:\\\/\\\/www.coralim.com\\\/es\\\/#organization\",\"name\":\"Coralim\",\"url\":\"https:\\\/\\\/www.coralim.com\\\/es\\\/\",\"logo\":{\"@type\":\"ImageObject\",\"inLanguage\":\"es\",\"@id\":\"https:\\\/\\\/www.coralim.com\\\/es\\\/#\\\/schema\\\/logo\\\/image\\\/\",\"url\":\"https:\\\/\\\/www.coralim.com\\\/wp-content\\\/uploads\\\/2022\\\/11\\\/coralim.png\",\"contentUrl\":\"https:\\\/\\\/www.coralim.com\\\/wp-content\\\/uploads\\\/2022\\\/11\\\/coralim.png\",\"width\":323,\"height\":75,\"caption\":\"Coralim\"},\"image\":{\"@id\":\"https:\\\/\\\/www.coralim.com\\\/es\\\/#\\\/schema\\\/logo\\\/image\\\/\"}}]}<\/script>\n<!-- \/ Yoast SEO plugin. -->","yoast_head_json":{"title":"Aviso Legal - Coralim","description":"Aviso Legal- Empresa especializada en la fabricaci\u00f3n de colorantes, mixes y aromas, y formulaciones personalizadas para sectores alimentarios y no alimentarios","robots":{"index":"noindex","follow":"nofollow"},"og_locale":"es_ES","og_type":"article","og_title":"Aviso Legal - Coralim","og_description":"Aviso Legal- Empresa especializada en la fabricaci\u00f3n de colorantes, mixes y aromas, y formulaciones personalizadas para sectores alimentarios y no alimentarios","og_url":"https:\/\/www.coralim.com\/es\/aviso-legal\/","og_site_name":"Coralim","article_modified_time":"2026-05-05T10:59:28+00:00","twitter_card":"summary_large_image","twitter_misc":{"Tiempo de lectura":"6 minutos"},"schema":{"@context":"https:\/\/schema.org","@graph":[{"@type":"WebPage","@id":"https:\/\/www.coralim.com\/es\/aviso-legal\/","url":"https:\/\/www.coralim.com\/es\/aviso-legal\/","name":"Aviso Legal - Coralim","isPartOf":{"@id":"https:\/\/www.coralim.com\/es\/#website"},"datePublished":"2022-11-19T18:35:09+00:00","dateModified":"2026-05-05T10:59:28+00:00","description":"Aviso Legal- Empresa especializada en la fabricaci\u00f3n de colorantes, mixes y aromas, y formulaciones personalizadas para sectores alimentarios y no alimentarios","breadcrumb":{"@id":"https:\/\/www.coralim.com\/es\/aviso-legal\/#breadcrumb"},"inLanguage":"es","potentialAction":[{"@type":"ReadAction","target":["https:\/\/www.coralim.com\/es\/aviso-legal\/"]}]},{"@type":"BreadcrumbList","@id":"https:\/\/www.coralim.com\/es\/aviso-legal\/#breadcrumb","itemListElement":[{"@type":"ListItem","position":1,"name":"Portada","item":"https:\/\/www.coralim.com\/es\/"},{"@type":"ListItem","position":2,"name":"Aviso Legal"}]},{"@type":"WebSite","@id":"https:\/\/www.coralim.com\/es\/#website","url":"https:\/\/www.coralim.com\/es\/","name":"Coralim","description":"","publisher":{"@id":"https:\/\/www.coralim.com\/es\/#organization"},"potentialAction":[{"@type":"SearchAction","target":{"@type":"EntryPoint","urlTemplate":"https:\/\/www.coralim.com\/es\/?s={search_term_string}"},"query-input":{"@type":"PropertyValueSpecification","valueRequired":true,"valueName":"search_term_string"}}],"inLanguage":"es"},{"@type":"Organization","@id":"https:\/\/www.coralim.com\/es\/#organization","name":"Coralim","url":"https:\/\/www.coralim.com\/es\/","logo":{"@type":"ImageObject","inLanguage":"es","@id":"https:\/\/www.coralim.com\/es\/#\/schema\/logo\/image\/","url":"https:\/\/www.coralim.com\/wp-content\/uploads\/2022\/11\/coralim.png","contentUrl":"https:\/\/www.coralim.com\/wp-content\/uploads\/2022\/11\/coralim.png","width":323,"height":75,"caption":"Coralim"},"image":{"@id":"https:\/\/www.coralim.com\/es\/#\/schema\/logo\/image\/"}}]}},"_links":{"self":[{"href":"https:\/\/www.coralim.com\/es\/wp-json\/wp\/v2\/pages\/5412","targetHints":{"allow":["GET"]}}],"collection":[{"href":"https:\/\/www.coralim.com\/es\/wp-json\/wp\/v2\/pages"}],"about":[{"href":"https:\/\/www.coralim.com\/es\/wp-json\/wp\/v2\/types\/page"}],"author":[{"embeddable":true,"href":"https:\/\/www.coralim.com\/es\/wp-json\/wp\/v2\/users\/1"}],"replies":[{"embeddable":true,"href":"https:\/\/www.coralim.com\/es\/wp-json\/wp\/v2\/comments?post=5412"}],"version-history":[{"count":2,"href":"https:\/\/www.coralim.com\/es\/wp-json\/wp\/v2\/pages\/5412\/revisions"}],"predecessor-version":[{"id":5808,"href":"https:\/\/www.coralim.com\/es\/wp-json\/wp\/v2\/pages\/5412\/revisions\/5808"}],"wp:attachment":[{"href":"https:\/\/www.coralim.com\/es\/wp-json\/wp\/v2\/media?parent=5412"}],"curies":[{"name":"wp","href":"https:\/\/api.w.org\/{rel}","templated":true}]}}