{"id":5415,"date":"2022-11-19T19:35:18","date_gmt":"2022-11-19T18:35:18","guid":{"rendered":"https:\/\/www.coralim.com\/privacy-policy\/"},"modified":"2026-05-05T12:52:39","modified_gmt":"2026-05-05T10:52:39","slug":"privacy-policy","status":"publish","type":"page","link":"https:\/\/www.coralim.com\/es\/privacy-policy\/","title":{"rendered":"Pol\u00edtica de privacidad"},"content":{"rendered":"<p><strong>Responsable<\/strong>: Coralim INGREDIENTS S.L.<\/p>\n<p><strong>Finalidad<\/strong>: Poder gestionar el servicio solicitado, contestar a su solicitud y\/o tramitar su petici\u00f3n.<\/p>\n<p><strong>Legitimaci\u00f3n<\/strong>: Correcta prestaci\u00f3n del servicio solicitado. Sus datos ser\u00e1n conservados durante los plazos legales previstos y necesarios para la finalidad.<\/p>\n<p><strong>Destinatarios<\/strong>: Se le informa que sus datos tambi\u00e9n podr\u00e1n ser comunicados, en su caso, a cualquier Poder P\u00fablico que acredite su legitimaci\u00f3n, as\u00ed como a cualquier otro necesario que deba tener acceso para la consecuci\u00f3n de la finalidad y sus consecuencias.<\/p>\n<p><strong>Derechos<\/strong>: El titular de los datos podr\u00e1 ejercitar los derechos de acceso, rectificaci\u00f3n, cancelaci\u00f3n, oposici\u00f3n, supresi\u00f3n, limitaci\u00f3n y portabilidad de sus datos ante Coralim INGREDIENTS S.L.<\/p>\n<h3><strong>1. Protecci\u00f3n de datos de car\u00e1cter personal<\/strong><\/h3>\n<p>En cumplimiento de lo dispuesto en el Reglamento Europeo UE 2016\/679, y de acuerdo con su normativa estatal complementaria, de Protecci\u00f3n de Datos de Car\u00e1cter Personal, Coralim INGREDIENTS S.L., informa a los usuarios del Sitio Web <a href=\"http:\/\/www.coralim.com\/es\/\">www.coralim.com<\/a>, que los datos suministrados a trav\u00e9s de nuestra p\u00e1gina web mediante los correspondientes formularios y correos electr\u00f3nicos recibidos y que tengan la consideraci\u00f3n de datos de car\u00e1cter personal, ser\u00e1n incorporados a ficheros de los que es responsable Coralim INGREDIENTS S.L., con la finalidad de gestionar el servicio solicitado, atender su petici\u00f3n y\/o tramitar su solicitud.<\/p>\n<p>Estos ficheros se encuentran inscritos en la Agencia Espa\u00f1ola de Protecci\u00f3n de Datos de acuerdo con la legislaci\u00f3n vigente y normativa de desarrollo. Los usuarios garantizan y responden, en cualquier caso, de la veracidad, exactitud, vigencia, autenticidad, pertinencia y no exceso de los Datos Personales facilitados, y se comprometen a mantenerlos debidamente actualizados.<\/p>\n<p>En el caso de que los usuarios deban cumplimentar un formulario y pulsar el bot\u00f3n de env\u00edo para realizar una solicitud, el cumplimiento de este procedimiento implicar\u00e1 necesariamente que est\u00e1n informados y han otorgado su consentimiento expreso al contenido de la cl\u00e1usula anexa a dicho formulario o han aceptado la pol\u00edtica de privacidad.<\/p>\n<h3><strong>2. Datos facilitados por terceros<\/strong><\/h3>\n<p>En el caso de que se incluyan datos de car\u00e1cter personal en la solicitud por personas que no sean titulares de los mismos, el usuario deber\u00e1, con car\u00e1cter previo a su inclusi\u00f3n, informar a dichas personas de los extremos contenidos en los p\u00e1rrafos anteriores. Coralim INGREDIENTSs S.L. se exime de cualquier responsabilidad por el incumplimiento de este requisito.<\/p>\n<h3><strong>3. Datos de menores<\/strong><\/h3>\n<p>Usted no est\u00e1 autorizado a facilitar datos de personas menores de catorce a\u00f1os a trav\u00e9s de este Sitio Web. Coralim INGREDIENTS S.L. se exime de cualquier responsabilidad por el incumplimiento de este requisito.<\/p>\n<p>Recomendamos a los padres o tutores legales que tomen las medidas oportunas para que sus hijos menores de catorce a\u00f1os no consulten este Sitio Web.<\/p>\n<h3><strong>4. Comunicaciones comerciales por medios electr\u00f3nicos<\/strong><\/h3>\n<p>Las comunicaciones que se realicen por correo electr\u00f3nico o por cualquier otro medio electr\u00f3nico ser\u00e1n las necesarias para gestionar su solicitud.<\/p>\n<p>No obstante, ser\u00e1n aquellas que hayan sido expresamente consentidas o autorizadas por los destinatarios de conformidad con la Ley 34\/2002, de 11 de julio, de Servicios de la Sociedad de la Informaci\u00f3n y de Comercio Electr\u00f3nico, salvo lo dispuesto en el art\u00edculo 21.2 de la misma Ley, en la redacci\u00f3n dada por la Disposici\u00f3n Final Primera de la nueva Ley General de Telecomunicaciones.<\/p>\n<h3><strong>5. Medidas de seguridad<\/strong><\/h3>\n<p>El responsable del fichero ha adoptado los niveles de seguridad de protecci\u00f3n de los Datos Personales legalmente requeridos, y ha instalado todos los medios y medidas t\u00e9cnicas a disposici\u00f3n seg\u00fan el estado de la tecnolog\u00eda para evitar la p\u00e9rdida, mal uso, alteraci\u00f3n, acceso no autorizado y robo de los Datos Personales facilitados.<\/p>\n<h3><strong>6. Deber de secreto<\/strong><\/h3>\n<p>El usuario cuenta con la confidencialidad y el deber de secreto de los empleados de Coralim INGREDIENTS S.L. y de todos aquellos que traten los datos en nombre y por cuenta de Coralim INGREDIENTS S.L.. No obstante lo anterior, el usuario es consciente de la posibilidad de que la seguridad de las comunicaciones a trav\u00e9s de la red no sea invulnerable.<\/p>\n<h3><strong>7. Derechos y obligaciones de los interesados<\/strong><\/h3>\n<p>El usuario, ante cualquier variaci\u00f3n en los datos facilitados, deber\u00e1 comunicarlo a Coralim INGREDIENTS S.L. a fin de que se proceda a la modificaci\u00f3n que garantice la veracidad de los datos facilitados.<\/p>\n<p>El titular de los datos podr\u00e1 ejercitar los derechos de acceso, rectificaci\u00f3n, cancelaci\u00f3n, oposici\u00f3n, supresi\u00f3n, limitaci\u00f3n y portabilidad de los datos personales de conformidad con lo establecido en la Ley Org\u00e1nica de Protecci\u00f3n de Datos de Car\u00e1cter Personal (L.O. 15\/1999) y RD. 1720\/2007, y normativa posterior, mediante el env\u00edo de un escrito, adjuntando copia de su DNI o pasaporte, a la siguiente direcci\u00f3n postal o electr\u00f3nica: <a href=\"mailto:info@coralim.com\">info@coralim.com<\/a><\/p>\n<h3><strong>8. Responsabilidad<\/strong><\/h3>\n<p>Coralim INGREDIENTS S.L. no ser\u00e1 responsable de:<\/p>\n<p>&#8211; Las consecuencias derivadas del mal uso de los contenidos del sitio web realizado por los usuarios, incluyendo enlaces a Facebook u otras redes sociales.<\/p>\n<h3><strong>9. Contacto<u><\/u><u><\/u><\/strong><\/h3>\n<p>Si tiene alguna pregunta sobre nuestra Pol\u00edtica de Privacidad, o si desea hacer alguna sugerencia o recomendaci\u00f3n, por favor p\u00f3ngase en contacto con nosotros en la siguiente direcci\u00f3n de correo electr\u00f3nico: <a href=\"mailto:info@coralim.com\" target=\"_blank\" rel=\"noopener\">info@coralim.com<\/a><\/p>\n","protected":false},"excerpt":{"rendered":"<p>Responsable: Coralim INGREDIENTS S.L. Finalidad: Poder gestionar el servicio solicitado, contestar a su solicitud y\/o tramitar su petici\u00f3n. Legitimaci\u00f3n: Correcta prestaci\u00f3n del servicio solicitado. Sus datos ser\u00e1n conservados durante los plazos legales previstos y necesarios para la finalidad. Destinatarios: Se le informa que sus datos tambi\u00e9n podr\u00e1n ser comunicados, en su caso, a cualquier Poder&#8230;<\/p>\n","protected":false},"author":1,"featured_media":0,"parent":0,"menu_order":0,"comment_status":"closed","ping_status":"closed","template":"","meta":{"_monsterinsights_skip_tracking":false,"_monsterinsights_sitenote_active":false,"_monsterinsights_sitenote_note":"","_monsterinsights_sitenote_category":0,"_kad_post_transparent":"default","_kad_post_title":"default","_kad_post_layout":"default","_kad_post_sidebar_id":"","_kad_post_content_style":"default","_kad_post_vertical_padding":"default","_kad_post_feature":"","_kad_post_feature_position":"","_kad_post_header":false,"_kad_post_footer":false,"footnotes":""},"class_list":["post-5415","page","type-page","status-publish","hentry"],"yoast_head":"<!-- This site is optimized with the Yoast SEO plugin v27.5 - https:\/\/yoast.com\/product\/yoast-seo-wordpress\/ -->\n<title>Pol\u00edtica de privacidad - Coralim<\/title>\n<meta name=\"description\" content=\"Pol\u00edtica de privacidad- Empresa especializada en la fabricaci\u00f3n de colorantes, mixes y aromas, y formulaciones personalizadas para sectores alimentarios y no alimentarios\" \/>\n<meta name=\"robots\" content=\"noindex, nofollow\" \/>\n<meta property=\"og:locale\" content=\"es_ES\" \/>\n<meta property=\"og:type\" content=\"article\" \/>\n<meta property=\"og:title\" content=\"Pol\u00edtica de privacidad - Coralim\" \/>\n<meta property=\"og:description\" content=\"Pol\u00edtica de privacidad- Empresa especializada en la fabricaci\u00f3n de colorantes, mixes y aromas, y formulaciones personalizadas para sectores alimentarios y no alimentarios\" \/>\n<meta property=\"og:url\" content=\"https:\/\/www.coralim.com\/es\/privacy-policy\/\" \/>\n<meta property=\"og:site_name\" content=\"Coralim\" \/>\n<meta property=\"article:modified_time\" content=\"2026-05-05T10:52:39+00:00\" \/>\n<meta name=\"twitter:card\" content=\"summary_large_image\" \/>\n<meta name=\"twitter:label1\" content=\"Tiempo de lectura\" \/>\n\t<meta name=\"twitter:data1\" content=\"4 minutos\" \/>\n<script type=\"application\/ld+json\" class=\"yoast-schema-graph\">{\"@context\":\"https:\\\/\\\/schema.org\",\"@graph\":[{\"@type\":\"WebPage\",\"@id\":\"https:\\\/\\\/www.coralim.com\\\/es\\\/privacy-policy\\\/\",\"url\":\"https:\\\/\\\/www.coralim.com\\\/es\\\/privacy-policy\\\/\",\"name\":\"Pol\u00edtica de privacidad - Coralim\",\"isPartOf\":{\"@id\":\"https:\\\/\\\/www.coralim.com\\\/es\\\/#website\"},\"datePublished\":\"2022-11-19T18:35:18+00:00\",\"dateModified\":\"2026-05-05T10:52:39+00:00\",\"description\":\"Pol\u00edtica de privacidad- Empresa especializada en la fabricaci\u00f3n de colorantes, mixes y aromas, y formulaciones personalizadas para sectores alimentarios y no alimentarios\",\"breadcrumb\":{\"@id\":\"https:\\\/\\\/www.coralim.com\\\/es\\\/privacy-policy\\\/#breadcrumb\"},\"inLanguage\":\"es\",\"potentialAction\":[{\"@type\":\"ReadAction\",\"target\":[\"https:\\\/\\\/www.coralim.com\\\/es\\\/privacy-policy\\\/\"]}]},{\"@type\":\"BreadcrumbList\",\"@id\":\"https:\\\/\\\/www.coralim.com\\\/es\\\/privacy-policy\\\/#breadcrumb\",\"itemListElement\":[{\"@type\":\"ListItem\",\"position\":1,\"name\":\"Portada\",\"item\":\"https:\\\/\\\/www.coralim.com\\\/es\\\/\"},{\"@type\":\"ListItem\",\"position\":2,\"name\":\"Pol\u00edtica de privacidad\"}]},{\"@type\":\"WebSite\",\"@id\":\"https:\\\/\\\/www.coralim.com\\\/es\\\/#website\",\"url\":\"https:\\\/\\\/www.coralim.com\\\/es\\\/\",\"name\":\"Coralim\",\"description\":\"\",\"publisher\":{\"@id\":\"https:\\\/\\\/www.coralim.com\\\/es\\\/#organization\"},\"potentialAction\":[{\"@type\":\"SearchAction\",\"target\":{\"@type\":\"EntryPoint\",\"urlTemplate\":\"https:\\\/\\\/www.coralim.com\\\/es\\\/?s={search_term_string}\"},\"query-input\":{\"@type\":\"PropertyValueSpecification\",\"valueRequired\":true,\"valueName\":\"search_term_string\"}}],\"inLanguage\":\"es\"},{\"@type\":\"Organization\",\"@id\":\"https:\\\/\\\/www.coralim.com\\\/es\\\/#organization\",\"name\":\"Coralim\",\"url\":\"https:\\\/\\\/www.coralim.com\\\/es\\\/\",\"logo\":{\"@type\":\"ImageObject\",\"inLanguage\":\"es\",\"@id\":\"https:\\\/\\\/www.coralim.com\\\/es\\\/#\\\/schema\\\/logo\\\/image\\\/\",\"url\":\"https:\\\/\\\/www.coralim.com\\\/wp-content\\\/uploads\\\/2022\\\/11\\\/coralim.png\",\"contentUrl\":\"https:\\\/\\\/www.coralim.com\\\/wp-content\\\/uploads\\\/2022\\\/11\\\/coralim.png\",\"width\":323,\"height\":75,\"caption\":\"Coralim\"},\"image\":{\"@id\":\"https:\\\/\\\/www.coralim.com\\\/es\\\/#\\\/schema\\\/logo\\\/image\\\/\"}}]}<\/script>\n<!-- \/ Yoast SEO plugin. -->","yoast_head_json":{"title":"Pol\u00edtica de privacidad - Coralim","description":"Pol\u00edtica de privacidad- Empresa especializada en la fabricaci\u00f3n de colorantes, mixes y aromas, y formulaciones personalizadas para sectores alimentarios y no alimentarios","robots":{"index":"noindex","follow":"nofollow"},"og_locale":"es_ES","og_type":"article","og_title":"Pol\u00edtica de privacidad - Coralim","og_description":"Pol\u00edtica de privacidad- Empresa especializada en la fabricaci\u00f3n de colorantes, mixes y aromas, y formulaciones personalizadas para sectores alimentarios y no alimentarios","og_url":"https:\/\/www.coralim.com\/es\/privacy-policy\/","og_site_name":"Coralim","article_modified_time":"2026-05-05T10:52:39+00:00","twitter_card":"summary_large_image","twitter_misc":{"Tiempo de lectura":"4 minutos"},"schema":{"@context":"https:\/\/schema.org","@graph":[{"@type":"WebPage","@id":"https:\/\/www.coralim.com\/es\/privacy-policy\/","url":"https:\/\/www.coralim.com\/es\/privacy-policy\/","name":"Pol\u00edtica de privacidad - Coralim","isPartOf":{"@id":"https:\/\/www.coralim.com\/es\/#website"},"datePublished":"2022-11-19T18:35:18+00:00","dateModified":"2026-05-05T10:52:39+00:00","description":"Pol\u00edtica de privacidad- Empresa especializada en la fabricaci\u00f3n de colorantes, mixes y aromas, y formulaciones personalizadas para sectores alimentarios y no alimentarios","breadcrumb":{"@id":"https:\/\/www.coralim.com\/es\/privacy-policy\/#breadcrumb"},"inLanguage":"es","potentialAction":[{"@type":"ReadAction","target":["https:\/\/www.coralim.com\/es\/privacy-policy\/"]}]},{"@type":"BreadcrumbList","@id":"https:\/\/www.coralim.com\/es\/privacy-policy\/#breadcrumb","itemListElement":[{"@type":"ListItem","position":1,"name":"Portada","item":"https:\/\/www.coralim.com\/es\/"},{"@type":"ListItem","position":2,"name":"Pol\u00edtica de privacidad"}]},{"@type":"WebSite","@id":"https:\/\/www.coralim.com\/es\/#website","url":"https:\/\/www.coralim.com\/es\/","name":"Coralim","description":"","publisher":{"@id":"https:\/\/www.coralim.com\/es\/#organization"},"potentialAction":[{"@type":"SearchAction","target":{"@type":"EntryPoint","urlTemplate":"https:\/\/www.coralim.com\/es\/?s={search_term_string}"},"query-input":{"@type":"PropertyValueSpecification","valueRequired":true,"valueName":"search_term_string"}}],"inLanguage":"es"},{"@type":"Organization","@id":"https:\/\/www.coralim.com\/es\/#organization","name":"Coralim","url":"https:\/\/www.coralim.com\/es\/","logo":{"@type":"ImageObject","inLanguage":"es","@id":"https:\/\/www.coralim.com\/es\/#\/schema\/logo\/image\/","url":"https:\/\/www.coralim.com\/wp-content\/uploads\/2022\/11\/coralim.png","contentUrl":"https:\/\/www.coralim.com\/wp-content\/uploads\/2022\/11\/coralim.png","width":323,"height":75,"caption":"Coralim"},"image":{"@id":"https:\/\/www.coralim.com\/es\/#\/schema\/logo\/image\/"}}]}},"_links":{"self":[{"href":"https:\/\/www.coralim.com\/es\/wp-json\/wp\/v2\/pages\/5415","targetHints":{"allow":["GET"]}}],"collection":[{"href":"https:\/\/www.coralim.com\/es\/wp-json\/wp\/v2\/pages"}],"about":[{"href":"https:\/\/www.coralim.com\/es\/wp-json\/wp\/v2\/types\/page"}],"author":[{"embeddable":true,"href":"https:\/\/www.coralim.com\/es\/wp-json\/wp\/v2\/users\/1"}],"replies":[{"embeddable":true,"href":"https:\/\/www.coralim.com\/es\/wp-json\/wp\/v2\/comments?post=5415"}],"version-history":[{"count":1,"href":"https:\/\/www.coralim.com\/es\/wp-json\/wp\/v2\/pages\/5415\/revisions"}],"predecessor-version":[{"id":5807,"href":"https:\/\/www.coralim.com\/es\/wp-json\/wp\/v2\/pages\/5415\/revisions\/5807"}],"wp:attachment":[{"href":"https:\/\/www.coralim.com\/es\/wp-json\/wp\/v2\/media?parent=5415"}],"curies":[{"name":"wp","href":"https:\/\/api.w.org\/{rel}","templated":true}]}}