{"id":5418,"date":"2023-01-30T16:07:00","date_gmt":"2023-01-30T15:07:00","guid":{"rendered":"https:\/\/www.coralim.com\/cookie-policy\/"},"modified":"2026-05-05T12:51:40","modified_gmt":"2026-05-05T10:51:40","slug":"politica-cookie","status":"publish","type":"page","link":"https:\/\/www.coralim.com\/es\/politica-cookie\/","title":{"rendered":"Pol\u00edtica de Cookies"},"content":{"rendered":"<p>Coralim INGREDIENTS S.L. utiliza cookies con el objetivo de prestar un mejor servicio y proporcionarte una mejor experiencia de navegaci\u00f3n. Queremos informarte de manera clara y precisa sobre las cookies que utilizamos, detallando a continuaci\u00f3n qu\u00e9 es una cookie, para qu\u00e9 se utiliza, qu\u00e9 tipos de cookies utilizamos, cu\u00e1l es su finalidad y c\u00f3mo puedes configurarlas o deshabilitarlas si as\u00ed lo deseas.<\/p>\n<h3><strong>\u00bfQu\u00e9 es una cookie y para qu\u00e9 se utiliza?<\/strong><\/h3>\n<p>Una \u00abCookie\u00bb es un peque\u00f1o archivo que se almacena en el ordenador del usuario, tablet, smartphone o cualquier otro dispositivo con informaci\u00f3n sobre la navegaci\u00f3n. El conjunto de \u00abcookies\u00bb de todos nuestros usuarios nos ayuda a mejorar la calidad de nuestra web, permiti\u00e9ndonos controlar qu\u00e9 p\u00e1ginas son \u00fatiles, cu\u00e1les no y cu\u00e1les son susceptibles de mejora.<\/p>\n<p>Las cookies son esenciales para el funcionamiento de Internet, aportando innumerables ventajas en la prestaci\u00f3n de servicios interactivos, facilitando la navegaci\u00f3n y usabilidad de nuestra web. En ning\u00fan caso las cookies pueden da\u00f1ar su equipo. Por otro lado, el hecho de que est\u00e9n activas nos ayuda a identificar y resolver los errores.<\/p>\n<h3><strong>\u00bfPor qu\u00e9 son importantes?<\/strong><\/h3>\n<p>Las cookies son \u00fatiles por varias razones. Desde un punto de vista t\u00e9cnico, permiten que los sitios web funcionen m\u00e1s r\u00e1pidamente y de forma adaptada a sus preferencias, como almacenar su idioma o la moneda de su pa\u00eds. Tambi\u00e9n ayudan a los operadores de sitios web a mejorar los servicios que ofrecen, gracias a la informaci\u00f3n estad\u00edstica que recogen a trav\u00e9s de ellas. Por \u00faltimo, sirven para hacer m\u00e1s eficiente la publicidad que le mostramos, gracias a la cual podemos ofrecerle servicios de forma gratuita.<\/p>\n<h3><strong>\u00bfQu\u00e9 tipos de cookies utilizamos?<\/strong><\/h3>\n<p><strong>Cookies de origen<\/strong><\/p>\n<p>Son aquellas que se env\u00edan a tu ordenador desde nuestros propios equipos o dominios y desde los que prestamos el servicio que nos solicitas.<\/p>\n<p><strong>Cookies de terceros<\/strong><\/p>\n<p>Son aquellas cookies que se env\u00edan a tu equipo desde un equipo o dominio que no es gestionado por nosotros, sino por otra entidad colaboradora. Por ejemplo, las usadas por redes sociales, o por contenido externo como Google Maps.<\/p>\n<p><strong>Cookies de sesi\u00f3n<\/strong><\/p>\n<p>Son cookies temporales que permanecen en el archivo de cookies de tu navegador hasta que abandones la p\u00e1gina web, por lo que ninguna queda registrada en el disco duro de tu ordenador. La informaci\u00f3n obtenida por medio de estas cookies sirve para analizar pautas de tr\u00e1fico en la web. A la larga, esto nos permite proporcionar una mejor experiencia para mejorar el contenido y facilitar su uso.<\/p>\n<p><strong>Cookies de an\u00e1lisis<\/strong><\/p>\n<p>Estas cookies nos permiten cuantificar el n\u00famero de usuarios y as\u00ed realizar la medici\u00f3n y an\u00e1lisis estad\u00edstico de la utilizaci\u00f3n que hacen los usuarios de los servicios prestados. Para ello se analiza tu navegaci\u00f3n en nuestra p\u00e1gina web con el fin de mejorar la oferta de productos o servicios que te ofrecemos.<\/p>\n<p><strong>Cookies de mejora del rendimiento<\/strong><\/p>\n<p>Este tipo de cookies conserva sus preferencias para ciertas herramientas o servicios para que no tenga que reconfigurarlos cada vez que visita nuestro portal y, en algunos casos, pueden ser aportadas por terceros. Algunos ejemplos son: volumen de los reproductores audiovisuales, preferencias de ordenaci\u00f3n de art\u00edculos o velocidades de reproducci\u00f3n de v\u00eddeo compatibles. En el caso del comercio electr\u00f3nico, nos permiten conservar informaci\u00f3n sobre su cesta de la compra.<\/p>\n<p><strong>Cookies de registro<\/strong><\/p>\n<p>Cuando tu registras en nuestro sitio, se generan cookies que te identifican como usuario registrado e indican cu\u00e1ndo has iniciado sesi\u00f3n en el sitio. Estas cookies se utilizan para identificar tu cuenta de usuario y los servicios asociados. Estas cookies permanecen mientras no cierres la sesi\u00f3n de tu cuenta, cierres tu navegador o apagues tu dispositivo.<\/p>\n<p>Estas cookies pueden utilizarse en combinaci\u00f3n con datos anal\u00edticos para identificar individualmente tus preferencias en nuestro sitio.<\/p>\n<p><strong>Cookies publicitarias<\/strong><\/p>\n<p>Finalidad de cada una de las cookies utilizadas<\/p>\n<p>PHPSSID<\/p>\n<p>Cookie estrictamente necesaria utilizada y creada por nosotros mismos.<\/p>\n<p>_ga y _gat_<\/p>\n<p>Cookies de Google Analytics. Generan un ID de usuario an\u00f3nimo, que es el que se utiliza para hacer recuento de cuantas veces visita el sitio un usuario. Tambi\u00e9n registra la primera y la \u00faltima vez que el usuario visit\u00f3 el sitio web. Tambi\u00e9n calcula cu\u00e1ndo ha finalizado una sesi\u00f3n, el origen del usuario y las palabras clave.<\/p>\n<h3><strong>\u00bfC\u00f3mo puede configurar o desactivar las cookies?<\/strong><\/h3>\n<p>Puedes permitir, bloquear o eliminar las cookies instaladas en tu equipo mediante la configuraci\u00f3n de las opciones de tu navegador de Internet. En caso de que no permitas la instalaci\u00f3n de cookies en tu navegador es posible que no puedas acceder a algunos de los servicios y que tu experiencia en nuestra web pueda resultar menos satisfactoria. En los siguientes enlaces tienes a tu disposici\u00f3n toda la informaci\u00f3n para configurar o deshabilitar tus cookies en cada navegador:<\/p>\n<p><a href=\"https:\/\/support.google.com\/chrome\/answer\/95647?hl=es\">Google Chrome<\/a><br \/>\n<a href=\"https:\/\/support.mozilla.org\/es\/kb\/habilitar-y-deshabilitar-cookies-que-los-sitios-we\">Mozilla Firefox<\/a><br \/>\n<a href=\"http:\/\/windows.microsoft.com\/es-es\/windows-vista\/block-or-allow-cookies\">Internet Explorer<\/a><br \/>\n<a href=\"https:\/\/support.apple.com\/kb\/PH19214?viewlocale=es_ES&amp;locale=es_ES\">Safari<\/a><br \/>\n<a href=\"https:\/\/support.apple.com\/es-es\/HT201265\">Safari para IOS (iPhone y iPad)<\/a><br \/>\n<a href=\"https:\/\/support.google.com\/chrome\/answer\/2392971?hl=es\">Chrome para Android<\/a><\/p>\n","protected":false},"excerpt":{"rendered":"<p>Coralim INGREDIENTS S.L. utiliza cookies con el objetivo de prestar un mejor servicio y proporcionarte una mejor experiencia de navegaci\u00f3n. Queremos informarte de manera clara y precisa sobre las cookies que utilizamos, detallando a continuaci\u00f3n qu\u00e9 es una cookie, para qu\u00e9 se utiliza, qu\u00e9 tipos de cookies utilizamos, cu\u00e1l es su finalidad y c\u00f3mo puedes&#8230;<\/p>\n","protected":false},"author":1,"featured_media":0,"parent":0,"menu_order":0,"comment_status":"closed","ping_status":"closed","template":"","meta":{"_monsterinsights_skip_tracking":false,"_monsterinsights_sitenote_active":false,"_monsterinsights_sitenote_note":"","_monsterinsights_sitenote_category":0,"_kad_post_transparent":"default","_kad_post_title":"default","_kad_post_layout":"default","_kad_post_sidebar_id":"","_kad_post_content_style":"default","_kad_post_vertical_padding":"default","_kad_post_feature":"","_kad_post_feature_position":"","_kad_post_header":false,"_kad_post_footer":false,"footnotes":""},"class_list":["post-5418","page","type-page","status-publish","hentry"],"yoast_head":"<!-- This site is optimized with the Yoast SEO plugin v27.5 - https:\/\/yoast.com\/product\/yoast-seo-wordpress\/ -->\n<title>Pol\u00edtica de Cookies - Coralim<\/title>\n<meta name=\"description\" content=\"Pol\u00edtica de Cookies- Empresa especializada en la fabricaci\u00f3n de colorantes, mixes y aromas, y formulaciones personalizadas para sectores alimentarios y no alimentarios\" \/>\n<meta name=\"robots\" content=\"noindex, nofollow\" \/>\n<meta property=\"og:locale\" content=\"es_ES\" \/>\n<meta property=\"og:type\" content=\"article\" \/>\n<meta property=\"og:title\" content=\"Pol\u00edtica de Cookies - Coralim\" \/>\n<meta property=\"og:description\" content=\"Pol\u00edtica de Cookies- Empresa especializada en la fabricaci\u00f3n de colorantes, mixes y aromas, y formulaciones personalizadas para sectores alimentarios y no alimentarios\" \/>\n<meta property=\"og:url\" content=\"https:\/\/www.coralim.com\/es\/politica-cookie\/\" \/>\n<meta property=\"og:site_name\" content=\"Coralim\" \/>\n<meta property=\"article:modified_time\" content=\"2026-05-05T10:51:40+00:00\" \/>\n<meta name=\"twitter:card\" content=\"summary_large_image\" \/>\n<meta name=\"twitter:label1\" content=\"Tiempo de lectura\" \/>\n\t<meta name=\"twitter:data1\" content=\"4 minutos\" \/>\n<script type=\"application\/ld+json\" class=\"yoast-schema-graph\">{\"@context\":\"https:\\\/\\\/schema.org\",\"@graph\":[{\"@type\":\"WebPage\",\"@id\":\"https:\\\/\\\/www.coralim.com\\\/es\\\/politica-cookie\\\/\",\"url\":\"https:\\\/\\\/www.coralim.com\\\/es\\\/politica-cookie\\\/\",\"name\":\"Pol\u00edtica de Cookies - Coralim\",\"isPartOf\":{\"@id\":\"https:\\\/\\\/www.coralim.com\\\/es\\\/#website\"},\"datePublished\":\"2023-01-30T15:07:00+00:00\",\"dateModified\":\"2026-05-05T10:51:40+00:00\",\"description\":\"Pol\u00edtica de Cookies- Empresa especializada en la fabricaci\u00f3n de colorantes, mixes y aromas, y formulaciones personalizadas para sectores alimentarios y no alimentarios\",\"breadcrumb\":{\"@id\":\"https:\\\/\\\/www.coralim.com\\\/es\\\/politica-cookie\\\/#breadcrumb\"},\"inLanguage\":\"es\",\"potentialAction\":[{\"@type\":\"ReadAction\",\"target\":[\"https:\\\/\\\/www.coralim.com\\\/es\\\/politica-cookie\\\/\"]}]},{\"@type\":\"BreadcrumbList\",\"@id\":\"https:\\\/\\\/www.coralim.com\\\/es\\\/politica-cookie\\\/#breadcrumb\",\"itemListElement\":[{\"@type\":\"ListItem\",\"position\":1,\"name\":\"Portada\",\"item\":\"https:\\\/\\\/www.coralim.com\\\/es\\\/\"},{\"@type\":\"ListItem\",\"position\":2,\"name\":\"Pol\u00edtica de Cookies\"}]},{\"@type\":\"WebSite\",\"@id\":\"https:\\\/\\\/www.coralim.com\\\/es\\\/#website\",\"url\":\"https:\\\/\\\/www.coralim.com\\\/es\\\/\",\"name\":\"Coralim\",\"description\":\"\",\"publisher\":{\"@id\":\"https:\\\/\\\/www.coralim.com\\\/es\\\/#organization\"},\"potentialAction\":[{\"@type\":\"SearchAction\",\"target\":{\"@type\":\"EntryPoint\",\"urlTemplate\":\"https:\\\/\\\/www.coralim.com\\\/es\\\/?s={search_term_string}\"},\"query-input\":{\"@type\":\"PropertyValueSpecification\",\"valueRequired\":true,\"valueName\":\"search_term_string\"}}],\"inLanguage\":\"es\"},{\"@type\":\"Organization\",\"@id\":\"https:\\\/\\\/www.coralim.com\\\/es\\\/#organization\",\"name\":\"Coralim\",\"url\":\"https:\\\/\\\/www.coralim.com\\\/es\\\/\",\"logo\":{\"@type\":\"ImageObject\",\"inLanguage\":\"es\",\"@id\":\"https:\\\/\\\/www.coralim.com\\\/es\\\/#\\\/schema\\\/logo\\\/image\\\/\",\"url\":\"https:\\\/\\\/www.coralim.com\\\/wp-content\\\/uploads\\\/2022\\\/11\\\/coralim.png\",\"contentUrl\":\"https:\\\/\\\/www.coralim.com\\\/wp-content\\\/uploads\\\/2022\\\/11\\\/coralim.png\",\"width\":323,\"height\":75,\"caption\":\"Coralim\"},\"image\":{\"@id\":\"https:\\\/\\\/www.coralim.com\\\/es\\\/#\\\/schema\\\/logo\\\/image\\\/\"}}]}<\/script>\n<!-- \/ Yoast SEO plugin. -->","yoast_head_json":{"title":"Pol\u00edtica de Cookies - Coralim","description":"Pol\u00edtica de Cookies- Empresa especializada en la fabricaci\u00f3n de colorantes, mixes y aromas, y formulaciones personalizadas para sectores alimentarios y no alimentarios","robots":{"index":"noindex","follow":"nofollow"},"og_locale":"es_ES","og_type":"article","og_title":"Pol\u00edtica de Cookies - Coralim","og_description":"Pol\u00edtica de Cookies- Empresa especializada en la fabricaci\u00f3n de colorantes, mixes y aromas, y formulaciones personalizadas para sectores alimentarios y no alimentarios","og_url":"https:\/\/www.coralim.com\/es\/politica-cookie\/","og_site_name":"Coralim","article_modified_time":"2026-05-05T10:51:40+00:00","twitter_card":"summary_large_image","twitter_misc":{"Tiempo de lectura":"4 minutos"},"schema":{"@context":"https:\/\/schema.org","@graph":[{"@type":"WebPage","@id":"https:\/\/www.coralim.com\/es\/politica-cookie\/","url":"https:\/\/www.coralim.com\/es\/politica-cookie\/","name":"Pol\u00edtica de Cookies - Coralim","isPartOf":{"@id":"https:\/\/www.coralim.com\/es\/#website"},"datePublished":"2023-01-30T15:07:00+00:00","dateModified":"2026-05-05T10:51:40+00:00","description":"Pol\u00edtica de Cookies- Empresa especializada en la fabricaci\u00f3n de colorantes, mixes y aromas, y formulaciones personalizadas para sectores alimentarios y no alimentarios","breadcrumb":{"@id":"https:\/\/www.coralim.com\/es\/politica-cookie\/#breadcrumb"},"inLanguage":"es","potentialAction":[{"@type":"ReadAction","target":["https:\/\/www.coralim.com\/es\/politica-cookie\/"]}]},{"@type":"BreadcrumbList","@id":"https:\/\/www.coralim.com\/es\/politica-cookie\/#breadcrumb","itemListElement":[{"@type":"ListItem","position":1,"name":"Portada","item":"https:\/\/www.coralim.com\/es\/"},{"@type":"ListItem","position":2,"name":"Pol\u00edtica de Cookies"}]},{"@type":"WebSite","@id":"https:\/\/www.coralim.com\/es\/#website","url":"https:\/\/www.coralim.com\/es\/","name":"Coralim","description":"","publisher":{"@id":"https:\/\/www.coralim.com\/es\/#organization"},"potentialAction":[{"@type":"SearchAction","target":{"@type":"EntryPoint","urlTemplate":"https:\/\/www.coralim.com\/es\/?s={search_term_string}"},"query-input":{"@type":"PropertyValueSpecification","valueRequired":true,"valueName":"search_term_string"}}],"inLanguage":"es"},{"@type":"Organization","@id":"https:\/\/www.coralim.com\/es\/#organization","name":"Coralim","url":"https:\/\/www.coralim.com\/es\/","logo":{"@type":"ImageObject","inLanguage":"es","@id":"https:\/\/www.coralim.com\/es\/#\/schema\/logo\/image\/","url":"https:\/\/www.coralim.com\/wp-content\/uploads\/2022\/11\/coralim.png","contentUrl":"https:\/\/www.coralim.com\/wp-content\/uploads\/2022\/11\/coralim.png","width":323,"height":75,"caption":"Coralim"},"image":{"@id":"https:\/\/www.coralim.com\/es\/#\/schema\/logo\/image\/"}}]}},"_links":{"self":[{"href":"https:\/\/www.coralim.com\/es\/wp-json\/wp\/v2\/pages\/5418","targetHints":{"allow":["GET"]}}],"collection":[{"href":"https:\/\/www.coralim.com\/es\/wp-json\/wp\/v2\/pages"}],"about":[{"href":"https:\/\/www.coralim.com\/es\/wp-json\/wp\/v2\/types\/page"}],"author":[{"embeddable":true,"href":"https:\/\/www.coralim.com\/es\/wp-json\/wp\/v2\/users\/1"}],"replies":[{"embeddable":true,"href":"https:\/\/www.coralim.com\/es\/wp-json\/wp\/v2\/comments?post=5418"}],"version-history":[{"count":1,"href":"https:\/\/www.coralim.com\/es\/wp-json\/wp\/v2\/pages\/5418\/revisions"}],"predecessor-version":[{"id":5806,"href":"https:\/\/www.coralim.com\/es\/wp-json\/wp\/v2\/pages\/5418\/revisions\/5806"}],"wp:attachment":[{"href":"https:\/\/www.coralim.com\/es\/wp-json\/wp\/v2\/media?parent=5418"}],"curies":[{"name":"wp","href":"https:\/\/api.w.org\/{rel}","templated":true}]}}