{"id":5458,"date":"2022-11-19T19:28:52","date_gmt":"2022-11-19T18:28:52","guid":{"rendered":"https:\/\/www.coralim.com\/contact\/"},"modified":"2024-09-25T18:01:17","modified_gmt":"2024-09-25T16:01:17","slug":"contacto","status":"publish","type":"page","link":"https:\/\/www.coralim.com\/es\/contacto\/","title":{"rendered":"Contacto"},"content":{"rendered":"\t\t<div data-elementor-type=\"wp-page\" data-elementor-id=\"5458\" class=\"elementor elementor-5458 elementor-4655\" data-elementor-settings=\"{&quot;ha_cmc_init_switcher&quot;:&quot;no&quot;}\">\n\t\t\t\t\t\t<section class=\"elementor-section elementor-top-section elementor-element elementor-element-46856da elementor-section-boxed elementor-section-height-default elementor-section-height-default\" data-id=\"46856da\" data-element_type=\"section\" data-e-type=\"section\" data-settings=\"{&quot;background_background&quot;:&quot;classic&quot;,&quot;_ha_eqh_enable&quot;:false}\">\n\t\t\t\t\t\t<div class=\"elementor-container elementor-column-gap-default\">\n\t\t\t\t\t<div class=\"elementor-column elementor-col-50 elementor-top-column elementor-element elementor-element-3b2ef98\" data-id=\"3b2ef98\" data-element_type=\"column\" data-e-type=\"column\">\n\t\t\t<div class=\"elementor-widget-wrap elementor-element-populated\">\n\t\t\t\t\t\t<div class=\"elementor-element elementor-element-2e5128a elementor-widget elementor-widget-heading\" data-id=\"2e5128a\" data-element_type=\"widget\" data-e-type=\"widget\" data-widget_type=\"heading.default\">\n\t\t\t\t<div class=\"elementor-widget-container\">\n\t\t\t\t\t<h1 class=\"elementor-heading-title elementor-size-default\">Contacto<\/h1>\t\t\t\t<\/div>\n\t\t\t\t<\/div>\n\t\t\t\t<div class=\"elementor-element elementor-element-f4af25c elementor-widget elementor-widget-text-editor\" data-id=\"f4af25c\" data-element_type=\"widget\" data-e-type=\"widget\" data-widget_type=\"text-editor.default\">\n\t\t\t\t<div class=\"elementor-widget-container\">\n\t\t\t\t\t\t\t\t\t<p>\u00bfNecesitas m\u00e1s informaci\u00f3n sobre la compa\u00f1\u00eda?<br \/>\u00bfTienes dudas con alg\u00fan producto o alg\u00fan nuevo proyecto para desarrollar?<br \/>Nuestro equipo de expertos estar\u00e1 encantado de ayudarte.<\/p>\t\t\t\t\t\t\t\t<\/div>\n\t\t\t\t<\/div>\n\t\t\t\t\t<\/div>\n\t\t<\/div>\n\t\t\t\t<div class=\"elementor-column elementor-col-50 elementor-top-column elementor-element elementor-element-0239308\" data-id=\"0239308\" data-element_type=\"column\" data-e-type=\"column\">\n\t\t\t<div class=\"elementor-widget-wrap\">\n\t\t\t\t\t\t\t<\/div>\n\t\t<\/div>\n\t\t\t\t\t<\/div>\n\t\t<\/section>\n\t\t\t\t<section class=\"elementor-section elementor-top-section elementor-element elementor-element-f63714e elementor-section-boxed elementor-section-height-default elementor-section-height-default\" data-id=\"f63714e\" data-element_type=\"section\" data-e-type=\"section\" data-settings=\"{&quot;background_background&quot;:&quot;classic&quot;,&quot;_ha_eqh_enable&quot;:false}\">\n\t\t\t\t\t\t<div class=\"elementor-container elementor-column-gap-wide\">\n\t\t\t\t\t<div class=\"elementor-column elementor-col-50 elementor-top-column elementor-element elementor-element-c6c311d\" data-id=\"c6c311d\" data-element_type=\"column\" data-e-type=\"column\">\n\t\t\t<div class=\"elementor-widget-wrap elementor-element-populated\">\n\t\t\t\t\t\t<div class=\"elementor-element elementor-element-8621340 elementor-widget elementor-widget-heading\" data-id=\"8621340\" data-element_type=\"widget\" data-e-type=\"widget\" data-widget_type=\"heading.default\">\n\t\t\t\t<div class=\"elementor-widget-container\">\n\t\t\t\t\t<h3 class=\"elementor-heading-title elementor-size-default\">Para temas generales, ponte en contacto con:<\/h3>\t\t\t\t<\/div>\n\t\t\t\t<\/div>\n\t\t\t\t<div class=\"elementor-element elementor-element-2fb2eb9 elementor-widget elementor-widget-heading\" data-id=\"2fb2eb9\" data-element_type=\"widget\" data-e-type=\"widget\" data-widget_type=\"heading.default\">\n\t\t\t\t<div class=\"elementor-widget-container\">\n\t\t\t\t\t<h4 class=\"elementor-heading-title elementor-size-default\">Oficinas centrales<\/h4>\t\t\t\t<\/div>\n\t\t\t\t<\/div>\n\t\t\t\t<div class=\"elementor-element elementor-element-8befc80 elementor-widget elementor-widget-text-editor\" data-id=\"8befc80\" data-element_type=\"widget\" data-e-type=\"widget\" data-widget_type=\"text-editor.default\">\n\t\t\t\t<div class=\"elementor-widget-container\">\n\t\t\t\t\t\t\t\t\t<p>Coralim Ingredients &amp; Colours<br \/><span style=\"color: var(--global-palette3); font-family: var(--global-body-font-family);\">C\/ Dels Velluters, 13A &#8211; PE T\u00e1ctica<br \/><\/span><span style=\"color: var(--global-palette3); font-family: var(--global-body-font-family);\">46980 Paterna<br \/><\/span><span style=\"color: var(--global-palette3); font-family: var(--global-body-font-family);\">(Valencia) S<\/span><span style=\"color: var(--global-palette3); font-family: var(--global-body-font-family);\">pain<\/span><br \/><a href=\"mailto:info@coralim.com\">info@coralim.com<\/a><br \/><a href=\"tel:+34963173493\">+34 963 173 493<\/a><\/p>\t\t\t\t\t\t\t\t<\/div>\n\t\t\t\t<\/div>\n\t\t\t\t\t<\/div>\n\t\t<\/div>\n\t\t\t\t<div class=\"elementor-column elementor-col-50 elementor-top-column elementor-element elementor-element-6b89b98\" data-id=\"6b89b98\" data-element_type=\"column\" data-e-type=\"column\">\n\t\t\t<div class=\"elementor-widget-wrap\">\n\t\t\t\t\t\t\t<\/div>\n\t\t<\/div>\n\t\t\t\t\t<\/div>\n\t\t<\/section>\n\t\t\t\t<section class=\"elementor-section elementor-top-section elementor-element elementor-element-9e41aba elementor-section-boxed elementor-section-height-default elementor-section-height-default\" data-id=\"9e41aba\" data-element_type=\"section\" data-e-type=\"section\" data-settings=\"{&quot;background_background&quot;:&quot;classic&quot;,&quot;_ha_eqh_enable&quot;:false}\">\n\t\t\t\t\t\t<div class=\"elementor-container elementor-column-gap-wide\">\n\t\t\t\t\t<div class=\"elementor-column elementor-col-50 elementor-top-column elementor-element elementor-element-ad0afdb\" data-id=\"ad0afdb\" data-element_type=\"column\" data-e-type=\"column\">\n\t\t\t<div class=\"elementor-widget-wrap elementor-element-populated\">\n\t\t\t\t\t\t<div class=\"elementor-element elementor-element-55f7710 elementor-widget elementor-widget-heading\" data-id=\"55f7710\" data-element_type=\"widget\" data-e-type=\"widget\" data-widget_type=\"heading.default\">\n\t\t\t\t<div class=\"elementor-widget-container\">\n\t\t\t\t\t<h3 class=\"elementor-heading-title elementor-size-default\">Para temas relacionados con colorantes, ponte en contacto con: <\/h3>\t\t\t\t<\/div>\n\t\t\t\t<\/div>\n\t\t\t\t<div class=\"elementor-element elementor-element-27415bd elementor-widget elementor-widget-heading\" data-id=\"27415bd\" data-element_type=\"widget\" data-e-type=\"widget\" data-widget_type=\"heading.default\">\n\t\t\t\t<div class=\"elementor-widget-container\">\n\t\t\t\t\t<h4 class=\"elementor-heading-title elementor-size-default\">Divisi\u00f3n de soluciones de color<\/h4>\t\t\t\t<\/div>\n\t\t\t\t<\/div>\n\t\t\t\t<div class=\"elementor-element elementor-element-99895fc elementor-widget elementor-widget-text-editor\" data-id=\"99895fc\" data-element_type=\"widget\" data-e-type=\"widget\" data-widget_type=\"text-editor.default\">\n\t\t\t\t<div class=\"elementor-widget-container\">\n\t\t\t\t\t\t\t\t\t<p>Coralim Ingredients &amp; Colours<br \/><span style=\"color: var(--global-palette3); font-family: var(--global-body-font-family);\">C\/ Dels Velluters, 13A &#8211; PE T\u00e1ctica<br \/><\/span><span style=\"color: var(--global-palette3); font-family: var(--global-body-font-family);\">46980 Paterna<br \/><\/span><span style=\"color: var(--global-palette3); font-family: var(--global-body-font-family);\">(Valencia) S<\/span><span style=\"color: var(--global-palette3); font-family: var(--global-body-font-family);\">pain<\/span><br \/><a href=\"mailto:sales@coralim.com\">sales@coralim.com<\/a><br \/><a href=\"tel:+34963173493\">+34 963 173 493<\/a><br \/><a href=\"https:\/\/www.coralimcolors.com\" target=\"_blank\" rel=\"noopener\">www.coralimcolors.com<\/a><\/p>\t\t\t\t\t\t\t\t<\/div>\n\t\t\t\t<\/div>\n\t\t\t\t\t<\/div>\n\t\t<\/div>\n\t\t\t\t<div class=\"elementor-column elementor-col-50 elementor-top-column elementor-element elementor-element-70bf081\" data-id=\"70bf081\" data-element_type=\"column\" data-e-type=\"column\">\n\t\t\t<div class=\"elementor-widget-wrap elementor-element-populated\">\n\t\t\t\t\t\t<div class=\"elementor-element elementor-element-4e2de12 elementor-widget elementor-widget-heading\" data-id=\"4e2de12\" data-element_type=\"widget\" data-e-type=\"widget\" data-widget_type=\"heading.default\">\n\t\t\t\t<div class=\"elementor-widget-container\">\n\t\t\t\t\t<h3 class=\"elementor-heading-title elementor-size-default\">Para solicitudes relacionadas con la distribuci\u00f3n en \u00c1frica, ponte en contacto con:<\/h3>\t\t\t\t<\/div>\n\t\t\t\t<\/div>\n\t\t\t\t<div class=\"elementor-element elementor-element-0ab79c2 elementor-widget elementor-widget-heading\" data-id=\"0ab79c2\" data-element_type=\"widget\" data-e-type=\"widget\" data-widget_type=\"heading.default\">\n\t\t\t\t<div class=\"elementor-widget-container\">\n\t\t\t\t\t<h4 class=\"elementor-heading-title elementor-size-default\">Divisi\u00f3n \u00c1frica<\/h4>\t\t\t\t<\/div>\n\t\t\t\t<\/div>\n\t\t\t\t<div class=\"elementor-element elementor-element-36f7d81 elementor-widget elementor-widget-text-editor\" data-id=\"36f7d81\" data-element_type=\"widget\" data-e-type=\"widget\" data-widget_type=\"text-editor.default\">\n\t\t\t\t<div class=\"elementor-widget-container\">\n\t\t\t\t\t\t\t\t\t<p>Coralim Ingredients &amp; Colours<br><span style=\"color: var(--global-palette3); font-family: var(--global-body-font-family);\">C\/ Dels Velluters, 13A &#8211; PE T\u00e1ctica<br><\/span><span style=\"color: var(--global-palette3); font-family: var(--global-body-font-family);\">46980 Paterna<br><\/span><span style=\"color: var(--global-palette3); font-family: var(--global-body-font-family);\">(Valencia) S<\/span><span style=\"color: var(--global-palette3); font-family: var(--global-body-font-family);\">pain<br><\/span><a href=\"mailto:export@coralim.com\">export@coralim.com<\/a><br><a href=\"tel:+34963173493\">+34 963 173 493<\/a><\/p>\t\t\t\t\t\t\t\t<\/div>\n\t\t\t\t<\/div>\n\t\t\t\t\t<\/div>\n\t\t<\/div>\n\t\t\t\t\t<\/div>\n\t\t<\/section>\n\t\t\t\t<\/div>\n\t\t","protected":false},"excerpt":{"rendered":"<p>Contacto \u00bfNecesitas m\u00e1s informaci\u00f3n sobre la compa\u00f1\u00eda?\u00bfTienes dudas con alg\u00fan producto o alg\u00fan nuevo proyecto para desarrollar?Nuestro equipo de expertos estar\u00e1 encantado de ayudarte. Para temas generales, ponte en contacto con: Oficinas centrales Coralim Ingredients &amp; ColoursC\/ Dels Velluters, 13A &#8211; PE T\u00e1ctica46980 Paterna(Valencia) Spaininfo@coralim.com+34 963 173 493 Para temas relacionados con colorantes, ponte en&#8230;<\/p>\n","protected":false},"author":1,"featured_media":0,"parent":0,"menu_order":0,"comment_status":"closed","ping_status":"closed","template":"","meta":{"_monsterinsights_skip_tracking":false,"_monsterinsights_sitenote_active":false,"_monsterinsights_sitenote_note":"","_monsterinsights_sitenote_category":0,"_kad_post_transparent":"default","_kad_post_title":"hide","_kad_post_layout":"fullwidth","_kad_post_sidebar_id":"","_kad_post_content_style":"unboxed","_kad_post_vertical_padding":"hide","_kad_post_feature":"hide","_kad_post_feature_position":"","_kad_post_header":false,"_kad_post_footer":false,"footnotes":""},"class_list":["post-5458","page","type-page","status-publish","hentry"],"yoast_head":"<!-- This site is optimized with the Yoast SEO plugin v27.5 - https:\/\/yoast.com\/product\/yoast-seo-wordpress\/ -->\n<title>Contacto - Coralim<\/title>\n<meta name=\"description\" content=\"Contacto- Empresa especializada en la fabricaci\u00f3n de colorantes, mixes y aromas, y formulaciones personalizadas para sectores alimentarios y no alimentarios\" \/>\n<meta name=\"robots\" content=\"index, follow, max-snippet:-1, max-image-preview:large, max-video-preview:-1\" \/>\n<link rel=\"canonical\" href=\"https:\/\/www.coralim.com\/es\/contacto\/\" \/>\n<meta property=\"og:locale\" content=\"es_ES\" \/>\n<meta property=\"og:type\" content=\"article\" \/>\n<meta property=\"og:title\" content=\"Contacto - Coralim\" \/>\n<meta property=\"og:description\" content=\"Contacto- Empresa especializada en la fabricaci\u00f3n de colorantes, mixes y aromas, y formulaciones personalizadas para sectores alimentarios y no alimentarios\" \/>\n<meta property=\"og:url\" content=\"https:\/\/www.coralim.com\/es\/contacto\/\" \/>\n<meta property=\"og:site_name\" content=\"Coralim\" \/>\n<meta property=\"article:modified_time\" content=\"2024-09-25T16:01:17+00:00\" \/>\n<meta name=\"twitter:card\" content=\"summary_large_image\" \/>\n<meta name=\"twitter:label1\" content=\"Tiempo de lectura\" \/>\n\t<meta name=\"twitter:data1\" content=\"1 minuto\" \/>\n<script type=\"application\/ld+json\" class=\"yoast-schema-graph\">{\"@context\":\"https:\\\/\\\/schema.org\",\"@graph\":[{\"@type\":\"WebPage\",\"@id\":\"https:\\\/\\\/www.coralim.com\\\/es\\\/contacto\\\/\",\"url\":\"https:\\\/\\\/www.coralim.com\\\/es\\\/contacto\\\/\",\"name\":\"Contacto - Coralim\",\"isPartOf\":{\"@id\":\"https:\\\/\\\/www.coralim.com\\\/es\\\/#website\"},\"datePublished\":\"2022-11-19T18:28:52+00:00\",\"dateModified\":\"2024-09-25T16:01:17+00:00\",\"description\":\"Contacto- Empresa especializada en la fabricaci\u00f3n de colorantes, mixes y aromas, y formulaciones personalizadas para sectores alimentarios y no alimentarios\",\"breadcrumb\":{\"@id\":\"https:\\\/\\\/www.coralim.com\\\/es\\\/contacto\\\/#breadcrumb\"},\"inLanguage\":\"es\",\"potentialAction\":[{\"@type\":\"ReadAction\",\"target\":[\"https:\\\/\\\/www.coralim.com\\\/es\\\/contacto\\\/\"]}]},{\"@type\":\"BreadcrumbList\",\"@id\":\"https:\\\/\\\/www.coralim.com\\\/es\\\/contacto\\\/#breadcrumb\",\"itemListElement\":[{\"@type\":\"ListItem\",\"position\":1,\"name\":\"Portada\",\"item\":\"https:\\\/\\\/www.coralim.com\\\/es\\\/\"},{\"@type\":\"ListItem\",\"position\":2,\"name\":\"Contacto\"}]},{\"@type\":\"WebSite\",\"@id\":\"https:\\\/\\\/www.coralim.com\\\/es\\\/#website\",\"url\":\"https:\\\/\\\/www.coralim.com\\\/es\\\/\",\"name\":\"Coralim\",\"description\":\"\",\"publisher\":{\"@id\":\"https:\\\/\\\/www.coralim.com\\\/es\\\/#organization\"},\"potentialAction\":[{\"@type\":\"SearchAction\",\"target\":{\"@type\":\"EntryPoint\",\"urlTemplate\":\"https:\\\/\\\/www.coralim.com\\\/es\\\/?s={search_term_string}\"},\"query-input\":{\"@type\":\"PropertyValueSpecification\",\"valueRequired\":true,\"valueName\":\"search_term_string\"}}],\"inLanguage\":\"es\"},{\"@type\":\"Organization\",\"@id\":\"https:\\\/\\\/www.coralim.com\\\/es\\\/#organization\",\"name\":\"Coralim\",\"url\":\"https:\\\/\\\/www.coralim.com\\\/es\\\/\",\"logo\":{\"@type\":\"ImageObject\",\"inLanguage\":\"es\",\"@id\":\"https:\\\/\\\/www.coralim.com\\\/es\\\/#\\\/schema\\\/logo\\\/image\\\/\",\"url\":\"https:\\\/\\\/www.coralim.com\\\/wp-content\\\/uploads\\\/2022\\\/11\\\/coralim.png\",\"contentUrl\":\"https:\\\/\\\/www.coralim.com\\\/wp-content\\\/uploads\\\/2022\\\/11\\\/coralim.png\",\"width\":323,\"height\":75,\"caption\":\"Coralim\"},\"image\":{\"@id\":\"https:\\\/\\\/www.coralim.com\\\/es\\\/#\\\/schema\\\/logo\\\/image\\\/\"}}]}<\/script>\n<!-- \/ Yoast SEO plugin. -->","yoast_head_json":{"title":"Contacto - Coralim","description":"Contacto- Empresa especializada en la fabricaci\u00f3n de colorantes, mixes y aromas, y formulaciones personalizadas para sectores alimentarios y no alimentarios","robots":{"index":"index","follow":"follow","max-snippet":"max-snippet:-1","max-image-preview":"max-image-preview:large","max-video-preview":"max-video-preview:-1"},"canonical":"https:\/\/www.coralim.com\/es\/contacto\/","og_locale":"es_ES","og_type":"article","og_title":"Contacto - Coralim","og_description":"Contacto- Empresa especializada en la fabricaci\u00f3n de colorantes, mixes y aromas, y formulaciones personalizadas para sectores alimentarios y no alimentarios","og_url":"https:\/\/www.coralim.com\/es\/contacto\/","og_site_name":"Coralim","article_modified_time":"2024-09-25T16:01:17+00:00","twitter_card":"summary_large_image","twitter_misc":{"Tiempo de lectura":"1 minuto"},"schema":{"@context":"https:\/\/schema.org","@graph":[{"@type":"WebPage","@id":"https:\/\/www.coralim.com\/es\/contacto\/","url":"https:\/\/www.coralim.com\/es\/contacto\/","name":"Contacto - Coralim","isPartOf":{"@id":"https:\/\/www.coralim.com\/es\/#website"},"datePublished":"2022-11-19T18:28:52+00:00","dateModified":"2024-09-25T16:01:17+00:00","description":"Contacto- Empresa especializada en la fabricaci\u00f3n de colorantes, mixes y aromas, y formulaciones personalizadas para sectores alimentarios y no alimentarios","breadcrumb":{"@id":"https:\/\/www.coralim.com\/es\/contacto\/#breadcrumb"},"inLanguage":"es","potentialAction":[{"@type":"ReadAction","target":["https:\/\/www.coralim.com\/es\/contacto\/"]}]},{"@type":"BreadcrumbList","@id":"https:\/\/www.coralim.com\/es\/contacto\/#breadcrumb","itemListElement":[{"@type":"ListItem","position":1,"name":"Portada","item":"https:\/\/www.coralim.com\/es\/"},{"@type":"ListItem","position":2,"name":"Contacto"}]},{"@type":"WebSite","@id":"https:\/\/www.coralim.com\/es\/#website","url":"https:\/\/www.coralim.com\/es\/","name":"Coralim","description":"","publisher":{"@id":"https:\/\/www.coralim.com\/es\/#organization"},"potentialAction":[{"@type":"SearchAction","target":{"@type":"EntryPoint","urlTemplate":"https:\/\/www.coralim.com\/es\/?s={search_term_string}"},"query-input":{"@type":"PropertyValueSpecification","valueRequired":true,"valueName":"search_term_string"}}],"inLanguage":"es"},{"@type":"Organization","@id":"https:\/\/www.coralim.com\/es\/#organization","name":"Coralim","url":"https:\/\/www.coralim.com\/es\/","logo":{"@type":"ImageObject","inLanguage":"es","@id":"https:\/\/www.coralim.com\/es\/#\/schema\/logo\/image\/","url":"https:\/\/www.coralim.com\/wp-content\/uploads\/2022\/11\/coralim.png","contentUrl":"https:\/\/www.coralim.com\/wp-content\/uploads\/2022\/11\/coralim.png","width":323,"height":75,"caption":"Coralim"},"image":{"@id":"https:\/\/www.coralim.com\/es\/#\/schema\/logo\/image\/"}}]}},"_links":{"self":[{"href":"https:\/\/www.coralim.com\/es\/wp-json\/wp\/v2\/pages\/5458","targetHints":{"allow":["GET"]}}],"collection":[{"href":"https:\/\/www.coralim.com\/es\/wp-json\/wp\/v2\/pages"}],"about":[{"href":"https:\/\/www.coralim.com\/es\/wp-json\/wp\/v2\/types\/page"}],"author":[{"embeddable":true,"href":"https:\/\/www.coralim.com\/es\/wp-json\/wp\/v2\/users\/1"}],"replies":[{"embeddable":true,"href":"https:\/\/www.coralim.com\/es\/wp-json\/wp\/v2\/comments?post=5458"}],"version-history":[{"count":3,"href":"https:\/\/www.coralim.com\/es\/wp-json\/wp\/v2\/pages\/5458\/revisions"}],"predecessor-version":[{"id":5750,"href":"https:\/\/www.coralim.com\/es\/wp-json\/wp\/v2\/pages\/5458\/revisions\/5750"}],"wp:attachment":[{"href":"https:\/\/www.coralim.com\/es\/wp-json\/wp\/v2\/media?parent=5458"}],"curies":[{"name":"wp","href":"https:\/\/api.w.org\/{rel}","templated":true}]}}