{"id":5460,"date":"2022-12-13T11:30:44","date_gmt":"2022-12-13T10:30:44","guid":{"rendered":"https:\/\/www.coralim.com\/industrial-colours\/"},"modified":"2023-02-21T11:02:17","modified_gmt":"2023-02-21T10:02:17","slug":"soluciones-industriales","status":"publish","type":"page","link":"https:\/\/www.coralim.com\/es\/soluciones-industriales\/","title":{"rendered":"Soluciones industriales"},"content":{"rendered":"\t\t<div data-elementor-type=\"wp-page\" data-elementor-id=\"5460\" class=\"elementor elementor-5460 elementor-4955\" data-elementor-settings=\"{&quot;ha_cmc_init_switcher&quot;:&quot;no&quot;}\">\n\t\t\t\t\t\t<section class=\"elementor-section elementor-top-section elementor-element elementor-element-d5e60ba elementor-section-boxed elementor-section-height-default elementor-section-height-default\" data-id=\"d5e60ba\" data-element_type=\"section\" data-e-type=\"section\" data-settings=\"{&quot;_ha_eqh_enable&quot;:false}\">\n\t\t\t\t\t\t<div class=\"elementor-container elementor-column-gap-default\">\n\t\t\t\t\t<div class=\"elementor-column elementor-col-100 elementor-top-column elementor-element elementor-element-eddec7d\" data-id=\"eddec7d\" data-element_type=\"column\" data-e-type=\"column\">\n\t\t\t<div class=\"elementor-widget-wrap elementor-element-populated\">\n\t\t\t\t\t\t<div class=\"elementor-element elementor-element-a99ddb2 elementor-widget elementor-widget-heading\" data-id=\"a99ddb2\" data-element_type=\"widget\" data-e-type=\"widget\" data-widget_type=\"heading.default\">\n\t\t\t\t<div class=\"elementor-widget-container\">\n\t\t\t\t\t<h1 class=\"elementor-heading-title elementor-size-default\">Soluciones industriales<\/h1>\t\t\t\t<\/div>\n\t\t\t\t<\/div>\n\t\t\t\t<div class=\"elementor-element elementor-element-a7f1d3c elementor-widget elementor-widget-heading\" data-id=\"a7f1d3c\" data-element_type=\"widget\" data-e-type=\"widget\" data-widget_type=\"heading.default\">\n\t\t\t\t<div class=\"elementor-widget-container\">\n\t\t\t\t\t<h3 class=\"elementor-heading-title elementor-size-default\">Mas all\u00e1 de la alimentaci\u00f3n, servimos a la industria t\u00e9cnica<\/h3>\t\t\t\t<\/div>\n\t\t\t\t<\/div>\n\t\t\t\t\t<\/div>\n\t\t<\/div>\n\t\t\t\t\t<\/div>\n\t\t<\/section>\n\t\t\t\t<section class=\"elementor-section elementor-top-section elementor-element elementor-element-b2ad8f1 elementor-section-content-middle elementor-reverse-mobile elementor-section-boxed elementor-section-height-default elementor-section-height-default\" data-id=\"b2ad8f1\" data-element_type=\"section\" data-e-type=\"section\" data-settings=\"{&quot;_ha_eqh_enable&quot;:false}\">\n\t\t\t\t\t\t<div class=\"elementor-container elementor-column-gap-wide\">\n\t\t\t\t\t<div class=\"elementor-column elementor-col-50 elementor-top-column elementor-element elementor-element-3005075\" data-id=\"3005075\" data-element_type=\"column\" data-e-type=\"column\">\n\t\t\t<div class=\"elementor-widget-wrap elementor-element-populated\">\n\t\t\t\t\t\t<div class=\"elementor-element elementor-element-d5cbcf8 elementor-widget elementor-widget-text-editor\" data-id=\"d5cbcf8\" data-element_type=\"widget\" data-e-type=\"widget\" data-widget_type=\"text-editor.default\">\n\t\t\t\t<div class=\"elementor-widget-container\">\n\t\t\t\t\t\t\t\t\t<p>Coraltech es nuestra familia de colorantes destinados para la industria, est\u00e1n especialmente destinados a la fabricaci\u00f3n de detergencia y cuidado personal. En Coralim estamos continuamente desarrollando nuevos productos con el prop\u00f3sito de ofrecer nuevas soluciones a nuestros clientes.<\/p>\t\t\t\t\t\t\t\t<\/div>\n\t\t\t\t<\/div>\n\t\t\t\t\t<\/div>\n\t\t<\/div>\n\t\t\t\t<div class=\"elementor-column elementor-col-50 elementor-top-column elementor-element elementor-element-b8ece9e\" data-id=\"b8ece9e\" data-element_type=\"column\" data-e-type=\"column\">\n\t\t\t<div class=\"elementor-widget-wrap elementor-element-populated\">\n\t\t\t\t\t\t<div class=\"elementor-element elementor-element-203d245 elementor-widget elementor-widget-image\" data-id=\"203d245\" data-element_type=\"widget\" data-e-type=\"widget\" data-widget_type=\"image.default\">\n\t\t\t\t<div class=\"elementor-widget-container\">\n\t\t\t\t\t\t\t\t\t\t\t\t\t\t\t<img fetchpriority=\"high\" decoding=\"async\" width=\"800\" height=\"533\" src=\"https:\/\/www.coralim.com\/wp-content\/uploads\/2022\/12\/industrial-solutions-03.jpg\" class=\"attachment-full size-full wp-image-5361\" alt=\"\" srcset=\"https:\/\/www.coralim.com\/wp-content\/uploads\/2022\/12\/industrial-solutions-03.jpg 800w, https:\/\/www.coralim.com\/wp-content\/uploads\/2022\/12\/industrial-solutions-03-300x200.jpg 300w, https:\/\/www.coralim.com\/wp-content\/uploads\/2022\/12\/industrial-solutions-03-768x512.jpg 768w, https:\/\/www.coralim.com\/wp-content\/uploads\/2022\/12\/industrial-solutions-03-450x300.jpg 450w\" sizes=\"(max-width: 800px) 100vw, 800px\" \/>\t\t\t\t\t\t\t\t\t\t\t\t\t\t\t<\/div>\n\t\t\t\t<\/div>\n\t\t\t\t\t<\/div>\n\t\t<\/div>\n\t\t\t\t\t<\/div>\n\t\t<\/section>\n\t\t\t\t<section class=\"elementor-section elementor-top-section elementor-element elementor-element-82f8419 elementor-section-content-middle elementor-section-boxed elementor-section-height-default elementor-section-height-default\" data-id=\"82f8419\" data-element_type=\"section\" data-e-type=\"section\" data-settings=\"{&quot;_ha_eqh_enable&quot;:false}\">\n\t\t\t\t\t\t<div class=\"elementor-container elementor-column-gap-wide\">\n\t\t\t\t\t<div class=\"elementor-column elementor-col-50 elementor-top-column elementor-element elementor-element-752069d\" data-id=\"752069d\" data-element_type=\"column\" data-e-type=\"column\">\n\t\t\t<div class=\"elementor-widget-wrap elementor-element-populated\">\n\t\t\t\t\t\t<div class=\"elementor-element elementor-element-ad2ec6b elementor-widget elementor-widget-image\" data-id=\"ad2ec6b\" data-element_type=\"widget\" data-e-type=\"widget\" data-widget_type=\"image.default\">\n\t\t\t\t<div class=\"elementor-widget-container\">\n\t\t\t\t\t\t\t\t\t\t\t\t\t\t\t<img decoding=\"async\" width=\"1920\" height=\"1285\" src=\"https:\/\/www.coralim.com\/wp-content\/uploads\/2023\/01\/hands-gf25da9d8f_1920.jpg\" class=\"attachment-full size-full wp-image-5402\" alt=\"\" srcset=\"https:\/\/www.coralim.com\/wp-content\/uploads\/2023\/01\/hands-gf25da9d8f_1920.jpg 1920w, https:\/\/www.coralim.com\/wp-content\/uploads\/2023\/01\/hands-gf25da9d8f_1920-300x201.jpg 300w, https:\/\/www.coralim.com\/wp-content\/uploads\/2023\/01\/hands-gf25da9d8f_1920-1024x685.jpg 1024w, https:\/\/www.coralim.com\/wp-content\/uploads\/2023\/01\/hands-gf25da9d8f_1920-768x514.jpg 768w, https:\/\/www.coralim.com\/wp-content\/uploads\/2023\/01\/hands-gf25da9d8f_1920-1536x1028.jpg 1536w, https:\/\/www.coralim.com\/wp-content\/uploads\/2023\/01\/hands-gf25da9d8f_1920-448x300.jpg 448w\" sizes=\"(max-width: 1920px) 100vw, 1920px\" \/>\t\t\t\t\t\t\t\t\t\t\t\t\t\t\t<\/div>\n\t\t\t\t<\/div>\n\t\t\t\t\t<\/div>\n\t\t<\/div>\n\t\t\t\t<div class=\"elementor-column elementor-col-50 elementor-top-column elementor-element elementor-element-229f9df\" data-id=\"229f9df\" data-element_type=\"column\" data-e-type=\"column\">\n\t\t\t<div class=\"elementor-widget-wrap elementor-element-populated\">\n\t\t\t\t\t\t<div class=\"elementor-element elementor-element-d88740a elementor-widget elementor-widget-text-editor\" data-id=\"d88740a\" data-element_type=\"widget\" data-e-type=\"widget\" data-widget_type=\"text-editor.default\">\n\t\t\t\t<div class=\"elementor-widget-container\">\n\t\t\t\t\t\t\t\t\t<p>Uno de los sectores a los que nos dirigimos es el de los fabricantes de fertilizantes, nuestra propuesta incluye:<\/p><ul><li>Colorantes: proponemos una gama de colorantes solubles, que no dejan residuos y son en su mayor\u00eda aptos para el consumo alimentario.<\/li><li>Colorantes indicadores de pH: para formulaciones donde el pH es determinante, proponemos el<ul><li>Coralagro Rojo AB extra: colorante rojo a pH \u00e1cido (hasta 4,2) que vira a amarillo a pH m\u00e1s neutro (6,2)<\/li><li>Coralagro Rojo AC Extra: colorante amarillo a pH \u00e1cido que vira a rojo a pH neutro (6,8)<\/li><\/ul><\/li><li>Goma xantana dispersable: agente reol\u00f3gico de origen natural, act\u00faa como espesante y estabilizante. Resiste bien a los componentes m\u00e1s agresivos de los fertilizantes l\u00edquidos.<\/li><\/ul>\t\t\t\t\t\t\t\t<\/div>\n\t\t\t\t<\/div>\n\t\t\t\t\t<\/div>\n\t\t<\/div>\n\t\t\t\t\t<\/div>\n\t\t<\/section>\n\t\t\t\t<section class=\"elementor-section elementor-top-section elementor-element elementor-element-866eca1 elementor-section-content-middle elementor-reverse-mobile elementor-section-boxed elementor-section-height-default elementor-section-height-default\" data-id=\"866eca1\" data-element_type=\"section\" data-e-type=\"section\" data-settings=\"{&quot;_ha_eqh_enable&quot;:false}\">\n\t\t\t\t\t\t<div class=\"elementor-container elementor-column-gap-wide\">\n\t\t\t\t\t<div class=\"elementor-column elementor-col-50 elementor-top-column elementor-element elementor-element-3e90e69\" data-id=\"3e90e69\" data-element_type=\"column\" data-e-type=\"column\">\n\t\t\t<div class=\"elementor-widget-wrap elementor-element-populated\">\n\t\t\t\t\t\t<div class=\"elementor-element elementor-element-3012491 elementor-widget elementor-widget-text-editor\" data-id=\"3012491\" data-element_type=\"widget\" data-e-type=\"widget\" data-widget_type=\"text-editor.default\">\n\t\t\t\t<div class=\"elementor-widget-container\">\n\t\t\t\t\t\t\t\t\t<p>Como expertos en colorantes que somos, en Coralim hemos desarrollado nuestros productos de la familia Coraltech con toda nuestra experiencia, pasi\u00f3n y cari\u00f1o que siempre hemos aplicado en nuestras otras gamas de productos.<\/p><p>Principales aplicaciones:<\/p><ul><li>Detergencia<\/li><li>Espuma activa para el lavado de veh\u00edculos<\/li><li>L\u00edquido limpiacristales<\/li><li>L\u00edquido anticongelante<\/li><li>Velas<\/li><li>Industria de fertilizantes<\/li><li>Muchos m\u00e1s en camino<\/li><\/ul>\t\t\t\t\t\t\t\t<\/div>\n\t\t\t\t<\/div>\n\t\t\t\t\t<\/div>\n\t\t<\/div>\n\t\t\t\t<div class=\"elementor-column elementor-col-50 elementor-top-column elementor-element elementor-element-3c98a26\" data-id=\"3c98a26\" data-element_type=\"column\" data-e-type=\"column\">\n\t\t\t<div class=\"elementor-widget-wrap elementor-element-populated\">\n\t\t\t\t\t\t<div class=\"elementor-element elementor-element-e70845d elementor-widget elementor-widget-image\" data-id=\"e70845d\" data-element_type=\"widget\" data-e-type=\"widget\" data-widget_type=\"image.default\">\n\t\t\t\t<div class=\"elementor-widget-container\">\n\t\t\t\t\t\t\t\t\t\t\t\t\t\t\t<img decoding=\"async\" width=\"800\" height=\"526\" src=\"https:\/\/www.coralim.com\/wp-content\/uploads\/2022\/12\/industrial-solutions-01-e1670927692588.jpg\" class=\"attachment-full size-full wp-image-5362\" alt=\"\" srcset=\"https:\/\/www.coralim.com\/wp-content\/uploads\/2022\/12\/industrial-solutions-01-e1670927692588.jpg 800w, https:\/\/www.coralim.com\/wp-content\/uploads\/2022\/12\/industrial-solutions-01-e1670927692588-300x197.jpg 300w, https:\/\/www.coralim.com\/wp-content\/uploads\/2022\/12\/industrial-solutions-01-e1670927692588-768x505.jpg 768w, https:\/\/www.coralim.com\/wp-content\/uploads\/2022\/12\/industrial-solutions-01-e1670927692588-456x300.jpg 456w\" sizes=\"(max-width: 800px) 100vw, 800px\" \/>\t\t\t\t\t\t\t\t\t\t\t\t\t\t\t<\/div>\n\t\t\t\t<\/div>\n\t\t\t\t\t<\/div>\n\t\t<\/div>\n\t\t\t\t\t<\/div>\n\t\t<\/section>\n\t\t\t\t<section class=\"elementor-section elementor-top-section elementor-element elementor-element-a56c27d elementor-section-content-top elementor-section-boxed elementor-section-height-default elementor-section-height-default\" data-id=\"a56c27d\" data-element_type=\"section\" data-e-type=\"section\" data-settings=\"{&quot;_ha_eqh_enable&quot;:false}\">\n\t\t\t\t\t\t<div class=\"elementor-container elementor-column-gap-wide\">\n\t\t\t\t\t<div class=\"elementor-column elementor-col-50 elementor-top-column elementor-element elementor-element-06a2900\" data-id=\"06a2900\" data-element_type=\"column\" data-e-type=\"column\">\n\t\t\t<div class=\"elementor-widget-wrap elementor-element-populated\">\n\t\t\t\t\t\t<div class=\"elementor-element elementor-element-1d9fc57 elementor-widget elementor-widget-heading\" data-id=\"1d9fc57\" data-element_type=\"widget\" data-e-type=\"widget\" data-widget_type=\"heading.default\">\n\t\t\t\t<div class=\"elementor-widget-container\">\n\t\t\t\t\t<h3 class=\"elementor-heading-title elementor-size-default\">Cat\u00e1logos<\/h3>\t\t\t\t<\/div>\n\t\t\t\t<\/div>\n\t\t\t\t<div class=\"elementor-element elementor-element-d8b63f8 elementor-widget elementor-widget-heading\" data-id=\"d8b63f8\" data-element_type=\"widget\" data-e-type=\"widget\" data-widget_type=\"heading.default\">\n\t\t\t\t<div class=\"elementor-widget-container\">\n\t\t\t\t\t<h3 class=\"elementor-heading-title elementor-size-default\">Desc\u00e1rgate nuestro cat\u00e1logo Coraltech y descubre todo el portfolio de colores que hemos desarrollado para la industria. <\/h3>\t\t\t\t<\/div>\n\t\t\t\t<\/div>\n\t\t\t\t<div class=\"elementor-element elementor-element-2eaccdd elementor-align-center elementor-widget elementor-widget-button\" data-id=\"2eaccdd\" data-element_type=\"widget\" data-e-type=\"widget\" data-widget_type=\"button.default\">\n\t\t\t\t<div class=\"elementor-widget-container\">\n\t\t\t\t\t\t\t\t\t<div class=\"elementor-button-wrapper\">\n\t\t\t\t\t<a class=\"elementor-button elementor-button-link elementor-size-sm\" href=\"#\" target=\"_blank\" id=\"industrial-catalogue\">\n\t\t\t\t\t\t<span class=\"elementor-button-content-wrapper\">\n\t\t\t\t\t\t\t\t\t<span class=\"elementor-button-text\">\u00a1DESC\u00daBRELOS!<\/span>\n\t\t\t\t\t<\/span>\n\t\t\t\t\t<\/a>\n\t\t\t\t<\/div>\n\t\t\t\t\t\t\t\t<\/div>\n\t\t\t\t<\/div>\n\t\t\t\t\t<\/div>\n\t\t<\/div>\n\t\t\t\t<div class=\"elementor-column elementor-col-50 elementor-top-column elementor-element elementor-element-db80425\" data-id=\"db80425\" data-element_type=\"column\" data-e-type=\"column\">\n\t\t\t<div class=\"elementor-widget-wrap\">\n\t\t\t\t\t\t\t<\/div>\n\t\t<\/div>\n\t\t\t\t\t<\/div>\n\t\t<\/section>\n\t\t\t\t<\/div>\n\t\t","protected":false},"excerpt":{"rendered":"<p>Soluciones industriales Mas all\u00e1 de la alimentaci\u00f3n, servimos a la industria t\u00e9cnica Coraltech es nuestra familia de colorantes destinados para la industria, est\u00e1n especialmente destinados a la fabricaci\u00f3n de detergencia y cuidado personal. En Coralim estamos continuamente desarrollando nuevos productos con el prop\u00f3sito de ofrecer nuevas soluciones a nuestros clientes. Uno de los sectores a&#8230;<\/p>\n","protected":false},"author":1,"featured_media":0,"parent":0,"menu_order":0,"comment_status":"closed","ping_status":"closed","template":"","meta":{"_monsterinsights_skip_tracking":false,"_monsterinsights_sitenote_active":false,"_monsterinsights_sitenote_note":"","_monsterinsights_sitenote_category":0,"_kad_post_transparent":"default","_kad_post_title":"hide","_kad_post_layout":"fullwidth","_kad_post_sidebar_id":"","_kad_post_content_style":"unboxed","_kad_post_vertical_padding":"hide","_kad_post_feature":"hide","_kad_post_feature_position":"","_kad_post_header":false,"_kad_post_footer":false,"footnotes":""},"class_list":["post-5460","page","type-page","status-publish","hentry"],"yoast_head":"<!-- This site is optimized with the Yoast SEO plugin v27.5 - https:\/\/yoast.com\/product\/yoast-seo-wordpress\/ -->\n<title>Soluciones industriales - Coralim<\/title>\n<meta name=\"description\" content=\"Coraltech, nuestros colorantes destinados para la industria, especialmente destinados a la fabricaci\u00f3n de detergencia y cuidado personal\" \/>\n<meta name=\"robots\" content=\"index, follow, max-snippet:-1, max-image-preview:large, max-video-preview:-1\" \/>\n<link rel=\"canonical\" href=\"https:\/\/www.coralim.com\/es\/soluciones-industriales\/\" \/>\n<meta property=\"og:locale\" content=\"es_ES\" \/>\n<meta property=\"og:type\" content=\"article\" \/>\n<meta property=\"og:title\" content=\"Soluciones industriales - Coralim\" \/>\n<meta property=\"og:description\" content=\"Coraltech, nuestros colorantes destinados para la industria, especialmente destinados a la fabricaci\u00f3n de detergencia y cuidado personal\" \/>\n<meta property=\"og:url\" content=\"https:\/\/www.coralim.com\/es\/soluciones-industriales\/\" \/>\n<meta property=\"og:site_name\" content=\"Coralim\" \/>\n<meta property=\"article:modified_time\" content=\"2023-02-21T10:02:17+00:00\" \/>\n<meta property=\"og:image\" content=\"https:\/\/www.coralim.com\/wp-content\/uploads\/2022\/12\/industrial-solutions-03.jpg\" \/>\n<meta name=\"twitter:card\" content=\"summary_large_image\" \/>\n<meta name=\"twitter:label1\" content=\"Tiempo de lectura\" \/>\n\t<meta name=\"twitter:data1\" content=\"2 minutos\" \/>\n<script type=\"application\/ld+json\" class=\"yoast-schema-graph\">{\"@context\":\"https:\\\/\\\/schema.org\",\"@graph\":[{\"@type\":\"WebPage\",\"@id\":\"https:\\\/\\\/www.coralim.com\\\/es\\\/soluciones-industriales\\\/\",\"url\":\"https:\\\/\\\/www.coralim.com\\\/es\\\/soluciones-industriales\\\/\",\"name\":\"Soluciones industriales - Coralim\",\"isPartOf\":{\"@id\":\"https:\\\/\\\/www.coralim.com\\\/es\\\/#website\"},\"primaryImageOfPage\":{\"@id\":\"https:\\\/\\\/www.coralim.com\\\/es\\\/soluciones-industriales\\\/#primaryimage\"},\"image\":{\"@id\":\"https:\\\/\\\/www.coralim.com\\\/es\\\/soluciones-industriales\\\/#primaryimage\"},\"thumbnailUrl\":\"https:\\\/\\\/www.coralim.com\\\/wp-content\\\/uploads\\\/2022\\\/12\\\/industrial-solutions-03.jpg\",\"datePublished\":\"2022-12-13T10:30:44+00:00\",\"dateModified\":\"2023-02-21T10:02:17+00:00\",\"description\":\"Coraltech, nuestros colorantes destinados para la industria, especialmente destinados a la fabricaci\u00f3n de detergencia y cuidado personal\",\"breadcrumb\":{\"@id\":\"https:\\\/\\\/www.coralim.com\\\/es\\\/soluciones-industriales\\\/#breadcrumb\"},\"inLanguage\":\"es\",\"potentialAction\":[{\"@type\":\"ReadAction\",\"target\":[\"https:\\\/\\\/www.coralim.com\\\/es\\\/soluciones-industriales\\\/\"]}]},{\"@type\":\"ImageObject\",\"inLanguage\":\"es\",\"@id\":\"https:\\\/\\\/www.coralim.com\\\/es\\\/soluciones-industriales\\\/#primaryimage\",\"url\":\"https:\\\/\\\/www.coralim.com\\\/wp-content\\\/uploads\\\/2022\\\/12\\\/industrial-solutions-03.jpg\",\"contentUrl\":\"https:\\\/\\\/www.coralim.com\\\/wp-content\\\/uploads\\\/2022\\\/12\\\/industrial-solutions-03.jpg\"},{\"@type\":\"BreadcrumbList\",\"@id\":\"https:\\\/\\\/www.coralim.com\\\/es\\\/soluciones-industriales\\\/#breadcrumb\",\"itemListElement\":[{\"@type\":\"ListItem\",\"position\":1,\"name\":\"Portada\",\"item\":\"https:\\\/\\\/www.coralim.com\\\/es\\\/\"},{\"@type\":\"ListItem\",\"position\":2,\"name\":\"Soluciones industriales\"}]},{\"@type\":\"WebSite\",\"@id\":\"https:\\\/\\\/www.coralim.com\\\/es\\\/#website\",\"url\":\"https:\\\/\\\/www.coralim.com\\\/es\\\/\",\"name\":\"Coralim\",\"description\":\"\",\"publisher\":{\"@id\":\"https:\\\/\\\/www.coralim.com\\\/es\\\/#organization\"},\"potentialAction\":[{\"@type\":\"SearchAction\",\"target\":{\"@type\":\"EntryPoint\",\"urlTemplate\":\"https:\\\/\\\/www.coralim.com\\\/es\\\/?s={search_term_string}\"},\"query-input\":{\"@type\":\"PropertyValueSpecification\",\"valueRequired\":true,\"valueName\":\"search_term_string\"}}],\"inLanguage\":\"es\"},{\"@type\":\"Organization\",\"@id\":\"https:\\\/\\\/www.coralim.com\\\/es\\\/#organization\",\"name\":\"Coralim\",\"url\":\"https:\\\/\\\/www.coralim.com\\\/es\\\/\",\"logo\":{\"@type\":\"ImageObject\",\"inLanguage\":\"es\",\"@id\":\"https:\\\/\\\/www.coralim.com\\\/es\\\/#\\\/schema\\\/logo\\\/image\\\/\",\"url\":\"https:\\\/\\\/www.coralim.com\\\/wp-content\\\/uploads\\\/2022\\\/11\\\/coralim.png\",\"contentUrl\":\"https:\\\/\\\/www.coralim.com\\\/wp-content\\\/uploads\\\/2022\\\/11\\\/coralim.png\",\"width\":323,\"height\":75,\"caption\":\"Coralim\"},\"image\":{\"@id\":\"https:\\\/\\\/www.coralim.com\\\/es\\\/#\\\/schema\\\/logo\\\/image\\\/\"}}]}<\/script>\n<!-- \/ Yoast SEO plugin. -->","yoast_head_json":{"title":"Soluciones industriales - Coralim","description":"Coraltech, nuestros colorantes destinados para la industria, especialmente destinados a la fabricaci\u00f3n de detergencia y cuidado personal","robots":{"index":"index","follow":"follow","max-snippet":"max-snippet:-1","max-image-preview":"max-image-preview:large","max-video-preview":"max-video-preview:-1"},"canonical":"https:\/\/www.coralim.com\/es\/soluciones-industriales\/","og_locale":"es_ES","og_type":"article","og_title":"Soluciones industriales - Coralim","og_description":"Coraltech, nuestros colorantes destinados para la industria, especialmente destinados a la fabricaci\u00f3n de detergencia y cuidado personal","og_url":"https:\/\/www.coralim.com\/es\/soluciones-industriales\/","og_site_name":"Coralim","article_modified_time":"2023-02-21T10:02:17+00:00","og_image":[{"url":"https:\/\/www.coralim.com\/wp-content\/uploads\/2022\/12\/industrial-solutions-03.jpg","type":"","width":"","height":""}],"twitter_card":"summary_large_image","twitter_misc":{"Tiempo de lectura":"2 minutos"},"schema":{"@context":"https:\/\/schema.org","@graph":[{"@type":"WebPage","@id":"https:\/\/www.coralim.com\/es\/soluciones-industriales\/","url":"https:\/\/www.coralim.com\/es\/soluciones-industriales\/","name":"Soluciones industriales - Coralim","isPartOf":{"@id":"https:\/\/www.coralim.com\/es\/#website"},"primaryImageOfPage":{"@id":"https:\/\/www.coralim.com\/es\/soluciones-industriales\/#primaryimage"},"image":{"@id":"https:\/\/www.coralim.com\/es\/soluciones-industriales\/#primaryimage"},"thumbnailUrl":"https:\/\/www.coralim.com\/wp-content\/uploads\/2022\/12\/industrial-solutions-03.jpg","datePublished":"2022-12-13T10:30:44+00:00","dateModified":"2023-02-21T10:02:17+00:00","description":"Coraltech, nuestros colorantes destinados para la industria, especialmente destinados a la fabricaci\u00f3n de detergencia y cuidado personal","breadcrumb":{"@id":"https:\/\/www.coralim.com\/es\/soluciones-industriales\/#breadcrumb"},"inLanguage":"es","potentialAction":[{"@type":"ReadAction","target":["https:\/\/www.coralim.com\/es\/soluciones-industriales\/"]}]},{"@type":"ImageObject","inLanguage":"es","@id":"https:\/\/www.coralim.com\/es\/soluciones-industriales\/#primaryimage","url":"https:\/\/www.coralim.com\/wp-content\/uploads\/2022\/12\/industrial-solutions-03.jpg","contentUrl":"https:\/\/www.coralim.com\/wp-content\/uploads\/2022\/12\/industrial-solutions-03.jpg"},{"@type":"BreadcrumbList","@id":"https:\/\/www.coralim.com\/es\/soluciones-industriales\/#breadcrumb","itemListElement":[{"@type":"ListItem","position":1,"name":"Portada","item":"https:\/\/www.coralim.com\/es\/"},{"@type":"ListItem","position":2,"name":"Soluciones industriales"}]},{"@type":"WebSite","@id":"https:\/\/www.coralim.com\/es\/#website","url":"https:\/\/www.coralim.com\/es\/","name":"Coralim","description":"","publisher":{"@id":"https:\/\/www.coralim.com\/es\/#organization"},"potentialAction":[{"@type":"SearchAction","target":{"@type":"EntryPoint","urlTemplate":"https:\/\/www.coralim.com\/es\/?s={search_term_string}"},"query-input":{"@type":"PropertyValueSpecification","valueRequired":true,"valueName":"search_term_string"}}],"inLanguage":"es"},{"@type":"Organization","@id":"https:\/\/www.coralim.com\/es\/#organization","name":"Coralim","url":"https:\/\/www.coralim.com\/es\/","logo":{"@type":"ImageObject","inLanguage":"es","@id":"https:\/\/www.coralim.com\/es\/#\/schema\/logo\/image\/","url":"https:\/\/www.coralim.com\/wp-content\/uploads\/2022\/11\/coralim.png","contentUrl":"https:\/\/www.coralim.com\/wp-content\/uploads\/2022\/11\/coralim.png","width":323,"height":75,"caption":"Coralim"},"image":{"@id":"https:\/\/www.coralim.com\/es\/#\/schema\/logo\/image\/"}}]}},"_links":{"self":[{"href":"https:\/\/www.coralim.com\/es\/wp-json\/wp\/v2\/pages\/5460","targetHints":{"allow":["GET"]}}],"collection":[{"href":"https:\/\/www.coralim.com\/es\/wp-json\/wp\/v2\/pages"}],"about":[{"href":"https:\/\/www.coralim.com\/es\/wp-json\/wp\/v2\/types\/page"}],"author":[{"embeddable":true,"href":"https:\/\/www.coralim.com\/es\/wp-json\/wp\/v2\/users\/1"}],"replies":[{"embeddable":true,"href":"https:\/\/www.coralim.com\/es\/wp-json\/wp\/v2\/comments?post=5460"}],"version-history":[{"count":0,"href":"https:\/\/www.coralim.com\/es\/wp-json\/wp\/v2\/pages\/5460\/revisions"}],"wp:attachment":[{"href":"https:\/\/www.coralim.com\/es\/wp-json\/wp\/v2\/media?parent=5460"}],"curies":[{"name":"wp","href":"https:\/\/api.w.org\/{rel}","templated":true}]}}